{"id":2550,"date":"2022-01-05T02:02:44","date_gmt":"2022-01-05T02:02:44","guid":{"rendered":"https:\/\/mariog3.pl\/OLDCBD\/?page_id=2550"},"modified":"2022-05-12T01:08:25","modified_gmt":"2022-05-12T01:08:25","slug":"sustainability-zrownowazony-rozwoj","status":"publish","type":"page","link":"https:\/\/mariog3.pl\/OLDCBD\/sustainability-zrownowazony-rozwoj\/","title":{"rendered":"Sustainability &#8211; zr\u00f3wnowa\u017cony rozw\u00f3j. Rethink, Reuse, Repurpose, Recycle, Recover, Reduce, Refuse"},"content":{"rendered":"","protected":false},"excerpt":{"rendered":"","protected":false},"author":1,"featured_media":2626,"parent":0,"menu_order":4,"comment_status":"closed","ping_status":"closed","template":"","meta":{"footnotes":""},"class_list":["post-2550","page","type-page","status-publish","has-post-thumbnail","hentry","prodpage-style2"],"_links":{"self":[{"href":"https:\/\/mariog3.pl\/OLDCBD\/wp-json\/wp\/v2\/pages\/2550","targetHints":{"allow":["GET"]}}],"collection":[{"href":"https:\/\/mariog3.pl\/OLDCBD\/wp-json\/wp\/v2\/pages"}],"about":[{"href":"https:\/\/mariog3.pl\/OLDCBD\/wp-json\/wp\/v2\/types\/page"}],"author":[{"embeddable":true,"href":"https:\/\/mariog3.pl\/OLDCBD\/wp-json\/wp\/v2\/users\/1"}],"replies":[{"embeddable":true,"href":"https:\/\/mariog3.pl\/OLDCBD\/wp-json\/wp\/v2\/comments?post=2550"}],"version-history":[{"count":0,"href":"https:\/\/mariog3.pl\/OLDCBD\/wp-json\/wp\/v2\/pages\/2550\/revisions"}],"wp:featuredmedia":[{"embeddable":true,"href":"https:\/\/mariog3.pl\/OLDCBD\/wp-json\/wp\/v2\/media\/2626"}],"wp:attachment":[{"href":"https:\/\/mariog3.pl\/OLDCBD\/wp-json\/wp\/v2\/media?parent=2550"}],"curies":[{"name":"wp","href":"https:\/\/api.w.org\/{rel}","templated":true}]}}