{"id":5449,"date":"2023-09-28T23:38:57","date_gmt":"2023-09-28T21:38:57","guid":{"rendered":"https:\/\/mariog3.pl\/OLDCBD\/?page_id=5449"},"modified":"2025-03-15T17:07:59","modified_gmt":"2025-03-15T16:07:59","slug":"dla-jezdzcow","status":"publish","type":"page","link":"https:\/\/mariog3.pl\/OLDCBD\/dla-jezdzcow\/","title":{"rendered":"Kosmetyki specjalistyczne dla je\u017ad\u017ac\u00f3w"},"content":{"rendered":"\n<p id=\"afiliacja\">Linia kosmetyk\u00f3w dedykowana je\u017ad\u017acom zainspirowana bogactwem natury, kt\u00f3ra dostarczy relaksu i przyjemno\u015bci zar\u00f3wno przed, jak i po intensywnej je\u017adzie.<\/p>\n\n\n\n<p><\/p>\n","protected":false},"excerpt":{"rendered":"<p>Linia kosmetyk\u00f3w dedykowana je\u017ad\u017acom zainspirowana bogactwem natury, kt\u00f3ra dostarczy relaksu i przyjemno\u015bci zar\u00f3wno przed, jak i po intensywnej je\u017adzie.<\/p>\n","protected":false},"author":1,"featured_media":0,"parent":0,"menu_order":6,"comment_status":"closed","ping_status":"closed","template":"","meta":{"footnotes":""},"class_list":["post-5449","page","type-page","status-publish","hentry","prodpage-style2"],"_links":{"self":[{"href":"https:\/\/mariog3.pl\/OLDCBD\/wp-json\/wp\/v2\/pages\/5449","targetHints":{"allow":["GET"]}}],"collection":[{"href":"https:\/\/mariog3.pl\/OLDCBD\/wp-json\/wp\/v2\/pages"}],"about":[{"href":"https:\/\/mariog3.pl\/OLDCBD\/wp-json\/wp\/v2\/types\/page"}],"author":[{"embeddable":true,"href":"https:\/\/mariog3.pl\/OLDCBD\/wp-json\/wp\/v2\/users\/1"}],"replies":[{"embeddable":true,"href":"https:\/\/mariog3.pl\/OLDCBD\/wp-json\/wp\/v2\/comments?post=5449"}],"version-history":[{"count":0,"href":"https:\/\/mariog3.pl\/OLDCBD\/wp-json\/wp\/v2\/pages\/5449\/revisions"}],"wp:attachment":[{"href":"https:\/\/mariog3.pl\/OLDCBD\/wp-json\/wp\/v2\/media?parent=5449"}],"curies":[{"name":"wp","href":"https:\/\/api.w.org\/{rel}","templated":true}]}}