{"id":7328,"date":"2025-03-11T10:48:41","date_gmt":"2025-03-11T09:48:41","guid":{"rendered":"https:\/\/mariog3.pl\/OLDCBD\/?page_id=7328"},"modified":"2025-03-12T08:14:57","modified_gmt":"2025-03-12T07:14:57","slug":"my-little-lab","status":"publish","type":"page","link":"https:\/\/mariog3.pl\/OLDCBD\/my-little-lab\/","title":{"rendered":"My Little Lab \u2013 Ma\u0142e Laboratorium Wielkich Pomys\u0142\u00f3w!"},"content":{"rendered":"\n<p id=\"afiliacja\">Linia kosmetyk\u00f3w dedykowana je\u017ad\u017acom zainspirowana bogactwem natury, kt\u00f3ra dostarczy relaksu i przyjemno\u015bci zar\u00f3wno przed, jak i po intensywnej je\u017adzie.<\/p>\n\n\n\n<p><\/p>\n","protected":false},"excerpt":{"rendered":"<p>Linia kosmetyk\u00f3w dedykowana je\u017ad\u017acom zainspirowana bogactwem natury, kt\u00f3ra dostarczy relaksu i przyjemno\u015bci zar\u00f3wno przed, jak i po intensywnej je\u017adzie.<\/p>\n","protected":false},"author":1,"featured_media":0,"parent":0,"menu_order":6,"comment_status":"closed","ping_status":"closed","template":"","meta":{"footnotes":""},"class_list":["post-7328","page","type-page","status-publish","hentry","prodpage-style2"],"_links":{"self":[{"href":"https:\/\/mariog3.pl\/OLDCBD\/wp-json\/wp\/v2\/pages\/7328","targetHints":{"allow":["GET"]}}],"collection":[{"href":"https:\/\/mariog3.pl\/OLDCBD\/wp-json\/wp\/v2\/pages"}],"about":[{"href":"https:\/\/mariog3.pl\/OLDCBD\/wp-json\/wp\/v2\/types\/page"}],"author":[{"embeddable":true,"href":"https:\/\/mariog3.pl\/OLDCBD\/wp-json\/wp\/v2\/users\/1"}],"replies":[{"embeddable":true,"href":"https:\/\/mariog3.pl\/OLDCBD\/wp-json\/wp\/v2\/comments?post=7328"}],"version-history":[{"count":0,"href":"https:\/\/mariog3.pl\/OLDCBD\/wp-json\/wp\/v2\/pages\/7328\/revisions"}],"wp:attachment":[{"href":"https:\/\/mariog3.pl\/OLDCBD\/wp-json\/wp\/v2\/media?parent=7328"}],"curies":[{"name":"wp","href":"https:\/\/api.w.org\/{rel}","templated":true}]}}