{"id":1274,"date":"2021-12-13T12:45:02","date_gmt":"2021-12-13T10:45:02","guid":{"rendered":"https:\/\/mariog3.pl\/OLDCBD\/?post_type=product&#038;p=1274"},"modified":"2025-01-10T12:39:30","modified_gmt":"2025-01-10T11:39:30","slug":"salve","status":"publish","type":"product","link":"https:\/\/mariog3.pl\/OLDCBD\/sklep\/salve\/","title":{"rendered":"Salve CBD 1500 Restoring the vitality of your\u00a0body"},"content":{"rendered":"<p>Produkt SALVE zawiera bardzo wysokie st\u0119\u017cenie ekstraktu CBD full spectrum. Efekt dzia\u0142ania ma\u015bci zosta\u0142 zintensyfikowany dzi\u0119ki zawarto\u015bci zi\u00f3\u0142 o pot\u0119\u017cnej mocy. \u017bywokost znany jest ze swych w\u0142a\u015bciwo\u015bci regeneruj\u0105cych, \u0142agodz\u0105cych podra\u017cnienia i urazy oraz przyspieszaj\u0105cych gojenie ran. Wrotycz pospolity ma cenne w\u0142a\u015bciwo\u015bci lecznicze, poniewa\u017c dzia\u0142a rozkurczowo, przeciwzapalnie i antybakteryjnie. Zawarta w kurkumie kurkumina to bardzo silny przeciwutleniacz z grupy polifenoli. <strong>Kurkumina wykazuje dzia\u0142anie przeciwzapalne i przeciwutleniaj\u0105ce<\/strong>, tym samym odgrywa wa\u017cn\u0105 rol\u0119 nie tylko w leczeniu wielu chor\u00f3b o pod\u0142o\u017cu zapalnym.<\/p>\n<p><strong>Jak aplikowa\u0107 <a href=\"https:\/\/mariog3.pl\/OLDCBD\/kategoria-produktu\/produkty\/masci-cbd\">ma\u015b\u0107<\/a> Salve CBD 1500?\u00a0<\/strong><\/p>\n<p>Niewielk\u0105 ilo\u015b\u0107 ma\u015bci delikatnie wmasuj w problematyczne miejsca, tak cz\u0119sto, jak potrzebujesz.<\/p>\n<p><strong>Za co jeszcze pokochasz <a href=\"https:\/\/mariog3.pl\/OLDCBD\/kategoria-produktu\/produkty\/masci-cbd\">ma\u015b\u0107<\/a> Salve CBD 1500?<\/strong><\/p>\n<p>&#8211; za to, \u017ce jest tworzona z intencj\u0105 zdrowia i mi\u0142o\u015bci<br \/>\n&#8211; za to, \u017ce jest wykonywana r\u0119cznie, z zachowaniem standard\u00f3w dobrej praktyki produkcyjnej<br \/>\n&#8211; za to, \u017ce <a href=\"https:\/\/mariog3.pl\/OLDCBD\/dlaczego-ekstrakt-cbd-full-spectrum\">ekstrakt CBD<\/a> oraz inne sk\u0142adniki naturalne s\u0105 czyste od wszelkich toksycznych zanieczyszcze\u0144 i metali ci\u0119\u017cki<\/p>\n","protected":false},"excerpt":{"rendered":"<p>zawarto\u015b\u0107 CBD &#8211; 1500 mg<br \/>\nobj\u0119to\u015b\u0107 &#8211; 60 ml<\/p>\n<p><strong>Skuteczno\u015b\u0107 ma\u015bci Salve CBD 1500 gwarantuj\u0105:\u00a0<\/strong><\/p>\n<p>+ olej CBD full spectrum<br \/>\n+ kurkumina<br \/>\n+ zio\u0142a \u017cywokostu<br \/>\n+ zio\u0142a wrotycza<br \/>\n+ zio\u0142a mi\u0142orz\u0119bu japo\u0144skiego<br \/>\n+ kadzid\u0142o<br \/>\n+ mirra<br \/>\n+ pomara\u0144cza<\/p>\n<p>Unikalne dzia\u0142anie ma\u015bci Salve CBD 1500 opiera si\u0119 o po\u0142\u0105czenie szerokiego dzia\u0142ania ekstraktu CBD full spectrum i zi\u00f3\u0142\u00a0o pot\u0119\u017cnej i udokumentowanej mocy.<\/p>\n","protected":false},"featured_media":7120,"comment_status":"open","ping_status":"closed","template":"","meta":{"wds_primary_product_brand":0,"wds_primary_product_cat":546},"product_brand":[],"product_cat":[519,546],"product_tag":[],"class_list":{"0":"post-1274","1":"product","2":"type-product","3":"status-publish","4":"has-post-thumbnail","6":"product_cat-therapy","7":"product_cat-masci-cbd","9":"first","10":"instock","11":"taxable","12":"shipping-taxable","13":"purchasable","14":"product-type-simple","15":"prodpage-style2"},"_links":{"self":[{"href":"https:\/\/mariog3.pl\/OLDCBD\/wp-json\/wp\/v2\/product\/1274","targetHints":{"allow":["GET"]}}],"collection":[{"href":"https:\/\/mariog3.pl\/OLDCBD\/wp-json\/wp\/v2\/product"}],"about":[{"href":"https:\/\/mariog3.pl\/OLDCBD\/wp-json\/wp\/v2\/types\/product"}],"replies":[{"embeddable":true,"href":"https:\/\/mariog3.pl\/OLDCBD\/wp-json\/wp\/v2\/comments?post=1274"}],"wp:featuredmedia":[{"embeddable":true,"href":"https:\/\/mariog3.pl\/OLDCBD\/wp-json\/wp\/v2\/media\/7120"}],"wp:attachment":[{"href":"https:\/\/mariog3.pl\/OLDCBD\/wp-json\/wp\/v2\/media?parent=1274"}],"wp:term":[{"taxonomy":"product_brand","embeddable":true,"href":"https:\/\/mariog3.pl\/OLDCBD\/wp-json\/wp\/v2\/product_brand?post=1274"},{"taxonomy":"product_cat","embeddable":true,"href":"https:\/\/mariog3.pl\/OLDCBD\/wp-json\/wp\/v2\/product_cat?post=1274"},{"taxonomy":"product_tag","embeddable":true,"href":"https:\/\/mariog3.pl\/OLDCBD\/wp-json\/wp\/v2\/product_tag?post=1274"}],"curies":[{"name":"wp","href":"https:\/\/api.w.org\/{rel}","templated":true}]}}