{"id":1279,"date":"2021-12-13T12:57:08","date_gmt":"2021-12-13T12:57:08","guid":{"rendered":"https:\/\/mariog3.pl\/OLDCBD\/?post_type=product&#038;p=1279"},"modified":"2025-01-08T14:18:21","modified_gmt":"2025-01-08T13:18:21","slug":"skin-oil","status":"publish","type":"product","link":"https:\/\/mariog3.pl\/OLDCBD\/sklep\/skin-oil\/","title":{"rendered":"Skin oil CBD 300 Acne and Scars Removal"},"content":{"rendered":"<p>Nasz Skin oil CBD 300 Acne and Scars Removal to zr\u00f3\u017cnicowane po\u0142\u0105czenie olejku CBD i ekstrakt\u00f3w zio\u0142owych. Opracowane specjalnie z my\u015bl\u0105 o piel\u0119gnacji sk\u00f3ry mieszanej, problematycznej, sk\u0142onnej do wyprysk\u00f3w.<\/p>\n<p><strong>Olejek CBD 300 jest idealny dla Ciebie, je\u015bli:<br \/>\n<\/strong><\/p>\n<p>\u2013 borykasz si\u0119 z objawami tr\u0105dziku<br \/>\n\u2013 chcesz zmniejszy\u0107 widoczno\u015b\u0107 rozst\u0119p\u00f3w<br \/>\n\u2013 marzysz o zminimalizowaniu blizn r\u00f3\u017cnego pochodzenia<br \/>\n\u2013 lub Twoja sk\u00f3ra potrzebuje uelastycznienia i wyg\u0142adzenia<\/p>\n<p><strong>Jak dzia\u0142aj\u0105 zio\u0142a i ekstrakt CBD?<br \/>\n<\/strong><\/p>\n<p>\u2013 reguluj\u0105 wydzielanie sebum<br \/>\n\u2013 wsparaj\u0105 w odzyskaniu naturalnej elastyczno\u015bci sk\u00f3ry<br \/>\n\u2013 redukuj\u0105 niedoskona\u0142o\u015bci sk\u00f3ry<br \/>\n\u2013 dzia\u0142aj\u0105 wyg\u0142adzaj\u0105co<br \/>\n\u2013 wyr\u00f3wnuj\u0105 koloryt<br \/>\n\u2013 wykazuj\u0105 dzia\u0142anie koj\u0105ce<\/p>\n<p><strong>Za co jeszcze pokochasz ten wyj\u0105tkowy olejek terapeutyczny<\/strong> do twarzy CBD 300 ?<\/p>\n<p>&#8211; za to, \u017ce jest tworzony z intencj\u0105 zdrowia i mi\u0142o\u015bci<br \/>\n&#8211; za to, \u017ce jest wyj\u0105tkowo wydajny ze wzgl\u0119du na siln\u0105 koncentracj\u0119 naturalnych sk\u0142adnik\u00f3w<br \/>\n&#8211; za to, \u017ce jest wykonywany r\u0119cznie, z zachowaniem standard\u00f3w dobrej praktyki produkcyjnej<\/p>\n<p><strong>Jak aplikowa\u0107 Skin Oil CBD 300?\u00a0<\/strong><\/p>\n<p>Kilka kropelek olejku nanie\u015b na oczyszczon\u0105 sk\u00f3r\u0119 i delikatnie wmasuj. Polecamy stosowa\u0107 wieczorem.<\/p>\n","protected":false},"excerpt":{"rendered":"<p>zawarto\u015b\u0107 CBD &#8211; 300 mg<br \/>\nobj\u0119to\u015b\u0107 \u2013 30 ml<\/p>\n<p><strong>Skuteczno\u015b\u0107 Olejku CBD 300 gwarantuj\u0105:\u00a0<\/strong><\/p>\n<p>+\u00a0olej CBD full spectrum<br \/>\n+ zio\u0142a arniki<br \/>\n+ zio\u0142a kocanki<br \/>\n+ zio\u0142a nagietka<br \/>\n+ kwasy t\u0142uszczowe omeg\u0105 3,6,9<br \/>\n+ witaminy A i E<br \/>\n+ lawenda<br \/>\n+ bergamotka<\/p>\n<p><strong>Wyj\u0105tkowy Olejek CBD 300 <\/strong>\u015bwietnie poradzi sobie w piel\u0119gnacji sk\u00f3ry z objawami<strong> tr\u0105dziku, bliznami i rozst\u0119pami.<\/strong><\/p>\n<p>Skin Oil CBD 300 swoj\u0105 skuteczno\u015b\u0107 zawdzi\u0119cza formule zawieraj\u0105cej drogocenny ekstrakt CBD full spectrum, kwas\u00f3w omega oraz zi\u00f3\u0142 arniki i lawendy, a tak\u017ce witaminy A i E.<\/p>\n","protected":false},"featured_media":1678,"comment_status":"open","ping_status":"closed","template":"","meta":{"wds_primary_product_brand":0,"wds_primary_product_cat":545},"product_brand":[],"product_cat":[558,519,559,548,549],"product_tag":[],"class_list":{"0":"post-1279","1":"product","2":"type-product","3":"status-publish","4":"has-post-thumbnail","6":"product_cat-tradzik","7":"product_cat-therapy","8":"product_cat-blizny-i-rozstepy","9":"product_cat-serum-cbd","10":"product_cat-bestsellery","12":"first","13":"instock","14":"taxable","15":"shipping-taxable","16":"purchasable","17":"product-type-simple","18":"prodpage-style2"},"_links":{"self":[{"href":"https:\/\/mariog3.pl\/OLDCBD\/wp-json\/wp\/v2\/product\/1279","targetHints":{"allow":["GET"]}}],"collection":[{"href":"https:\/\/mariog3.pl\/OLDCBD\/wp-json\/wp\/v2\/product"}],"about":[{"href":"https:\/\/mariog3.pl\/OLDCBD\/wp-json\/wp\/v2\/types\/product"}],"replies":[{"embeddable":true,"href":"https:\/\/mariog3.pl\/OLDCBD\/wp-json\/wp\/v2\/comments?post=1279"}],"wp:featuredmedia":[{"embeddable":true,"href":"https:\/\/mariog3.pl\/OLDCBD\/wp-json\/wp\/v2\/media\/1678"}],"wp:attachment":[{"href":"https:\/\/mariog3.pl\/OLDCBD\/wp-json\/wp\/v2\/media?parent=1279"}],"wp:term":[{"taxonomy":"product_brand","embeddable":true,"href":"https:\/\/mariog3.pl\/OLDCBD\/wp-json\/wp\/v2\/product_brand?post=1279"},{"taxonomy":"product_cat","embeddable":true,"href":"https:\/\/mariog3.pl\/OLDCBD\/wp-json\/wp\/v2\/product_cat?post=1279"},{"taxonomy":"product_tag","embeddable":true,"href":"https:\/\/mariog3.pl\/OLDCBD\/wp-json\/wp\/v2\/product_tag?post=1279"}],"curies":[{"name":"wp","href":"https:\/\/api.w.org\/{rel}","templated":true}]}}