{"id":1284,"date":"2021-12-13T13:10:19","date_gmt":"2021-12-13T11:10:19","guid":{"rendered":"https:\/\/mariog3.pl\/OLDCBD\/?post_type=product&#038;p=1284"},"modified":"2025-01-07T13:21:20","modified_gmt":"2025-01-07T12:21:20","slug":"face-day-cream","status":"publish","type":"product","link":"https:\/\/mariog3.pl\/OLDCBD\/sklep\/face-day-cream\/","title":{"rendered":"Face Day Cream CBD 200 Radiant and Moisturized Skin"},"content":{"rendered":"<p>Je\u015bli marzysz, aby przywr\u00f3ci\u0107 swojej sk\u00f3rze naturalne nawil\u017cenie, elastyczno\u015b\u0107 i blask &#8211; ten krem jest dla Ciebie!<\/p>\n<p>Nasz dzienny krem piel\u0119gnacyjny do twarzy, Face Day Cream CBD 200 zawiera wysok\u0105 dawk\u0119 ekstraktu CBD full spectrum oraz drogocenny olej z pestek dzikiej r\u00f3\u017cy, witamin\u0119 C i kwas hialuronowy.<\/p>\n<p><strong>WSKAZANIA:<\/strong><\/p>\n<p>&#8211; sk\u00f3ra odwodniona,<br \/>\n&#8211; sk\u00f3ra zm\u0119czona,<br \/>\n&#8211; sk\u00f3ra z rozszerzonymi porami,<br \/>\n&#8211; sk\u00f3ra ziemista<br \/>\n&#8211; sk\u00f3ra zwiotcza\u0142a<\/p>\n<p><strong>DZIA\u0141ANIE:<\/strong><\/p>\n<p>&#8211; wspomagaj\u0105ce nawil\u017cenie sk\u00f3ry<br \/>\n&#8211; wspomagaj\u0105ce uj\u0119drnienie sk\u00f3ry<br \/>\n&#8211; koj\u0105ce i antyoksydacyjne<br \/>\n&#8211; przeciwbakteryjne i przeciwzapalne<br \/>\n&#8211; roz\u015bwietlaj\u0105ce<\/p>\n<p><strong>APLIKACJA:<\/strong><\/p>\n<p>&#8211; niewielk\u0105 ilo\u015b\u0107 kremu delikatnie wmasowa\u0107 w sk\u00f3r\u0119 twarzy i dekoltu<br \/>\n&#8211; stosowa\u0107 codziennie<br \/>\n&#8211; sprawdzi si\u0119 idealnie jako krem pod makija\u017c<br \/>\n&#8211; na ka\u017cd\u0105 por\u0119 roku<\/p>\n<p><strong>ZA CO JESZCZE KOCHAMY TEN KREM:<\/strong><\/p>\n<p>&#8211; za to, \u017ce jest tworzony z intencj\u0105 zdrowia i mi\u0142o\u015bci<br \/>\n&#8211; za to, \u017ce jest wyj\u0105tkowo wydajny ze wzgl\u0119du na siln\u0105 koncentracj\u0119 naturalnych sk\u0142adnik\u00f3w<br \/>\n&#8211; za to, \u017ce jest wykonywany r\u0119cznie, z zachowaniem standard\u00f3w dobrej praktyki produkcyjnej<br \/>\n&#8211; za to, \u017ce ekstrakt CBD, kt\u00f3ry jest w nim zawarty jest czysty od wszelkich toksycznych zanieczyszcze\u0144 i metali ci\u0119\u017ckich<\/p>\n","protected":false},"excerpt":{"rendered":"<p>zawarto\u015b\u0107 CBD &#8211; 200 mg<br \/>\nobj\u0119to\u015b\u0107- 30 ml<\/p>\n<p><strong>Skuteczno\u015b\u0107 Face Day Cream CBD 200 gwarantuj\u0105:\u00a0<\/strong><\/p>\n<p>+ olej CBD full spectrum<br \/>\n+ witamina C<br \/>\n+kwas hialuronowy<br \/>\n+ olej z pestek dzikiej r\u00f3\u017cy<\/p>\n<p>Piel\u0119gnacyjny krem na dzie\u0144 z wysok\u0105 zawarto\u015bci\u0105 ekstraktu CBD full spectrum, witamin\u0105 C, kwasem hialuronowym i olejem z pestek dzikiej r\u00f3\u017cy.<\/p>\n<p>Zdrowa, j\u0119drna i promienna sk\u00f3ra mo\u017ce sta\u0107 si\u0119 Twoj\u0105 rzeczywisto\u015bci\u0105!<\/p>\n","protected":false},"featured_media":5962,"comment_status":"open","ping_status":"closed","template":"","meta":{"wds_primary_product_brand":0,"wds_primary_product_cat":544},"product_brand":[],"product_cat":[520,544,558],"product_tag":[],"class_list":{"0":"post-1284","1":"product","2":"type-product","3":"status-publish","4":"has-post-thumbnail","6":"product_cat-beauty","7":"product_cat-kremy-cbd","8":"product_cat-tradzik","10":"first","11":"instock","12":"taxable","13":"shipping-taxable","14":"purchasable","15":"product-type-simple","16":"prodpage-style2"},"_links":{"self":[{"href":"https:\/\/mariog3.pl\/OLDCBD\/wp-json\/wp\/v2\/product\/1284","targetHints":{"allow":["GET"]}}],"collection":[{"href":"https:\/\/mariog3.pl\/OLDCBD\/wp-json\/wp\/v2\/product"}],"about":[{"href":"https:\/\/mariog3.pl\/OLDCBD\/wp-json\/wp\/v2\/types\/product"}],"replies":[{"embeddable":true,"href":"https:\/\/mariog3.pl\/OLDCBD\/wp-json\/wp\/v2\/comments?post=1284"}],"wp:featuredmedia":[{"embeddable":true,"href":"https:\/\/mariog3.pl\/OLDCBD\/wp-json\/wp\/v2\/media\/5962"}],"wp:attachment":[{"href":"https:\/\/mariog3.pl\/OLDCBD\/wp-json\/wp\/v2\/media?parent=1284"}],"wp:term":[{"taxonomy":"product_brand","embeddable":true,"href":"https:\/\/mariog3.pl\/OLDCBD\/wp-json\/wp\/v2\/product_brand?post=1284"},{"taxonomy":"product_cat","embeddable":true,"href":"https:\/\/mariog3.pl\/OLDCBD\/wp-json\/wp\/v2\/product_cat?post=1284"},{"taxonomy":"product_tag","embeddable":true,"href":"https:\/\/mariog3.pl\/OLDCBD\/wp-json\/wp\/v2\/product_tag?post=1284"}],"curies":[{"name":"wp","href":"https:\/\/api.w.org\/{rel}","templated":true}]}}