{"id":1289,"date":"2021-12-13T13:19:18","date_gmt":"2021-12-13T11:19:18","guid":{"rendered":"https:\/\/mariog3.pl\/OLDCBD\/?post_type=product&#038;p=1289"},"modified":"2024-11-03T19:53:33","modified_gmt":"2024-11-03T18:53:33","slug":"face-night-cream","status":"publish","type":"product","link":"https:\/\/mariog3.pl\/OLDCBD\/sklep\/face-night-cream\/","title":{"rendered":"Face Night Cream CBD 300 Regenerated and Smoothed Skin"},"content":{"rendered":"<p>Je\u015bli marzysz o tym, by zregenerowa\u0107 i od\u017cywi\u0107 swoj\u0105 sk\u00f3r\u0119 oraz przywr\u00f3ci\u0107 jej prawid\u0142owe nawil\u017cenie, elastyczno\u015b\u0107 i blask &#8211; Face Night Cream CBD 300 Regenerated and Smoothed Skin &#8211; ten krem jest dla Ciebie!<\/p>\n<p>Nasz nocny krem piel\u0119gnacyjny do twarzy, Face Night Cream CBD 300 mg &#8211; zawiera wysok\u0105 dawk\u0119 ekstraktu <a href=\"https:\/\/mariog3.pl\/OLDCBD\/dlaczego-ekstrakt-cbd-full-spectrum\">CBD full spectrum<\/a>, witamin\u0119 E i <a href=\"https:\/\/mariog3.pl\/OLDCBD\/czy-olejek-cbd-i-witamina-d-to-przepis-na-wiosenne-przesilenie\">drogocenny olej z opuncji figowej<\/a>.<\/p>\n<p><strong>WSKAZANIA:<\/strong><\/p>\n<p>\u2013 sk\u00f3ra odwodniona,<br \/>\n\u2013 sk\u00f3ra zm\u0119czona,<br \/>\n\u2013 sk\u00f3ra wymagaj\u0105ca od\u017cywienia i regeneracji<br \/>\n\u2013 sk\u00f3ra zwiotcza\u0142a<\/p>\n<p><strong>DZIA\u0141ANIE:<\/strong><\/p>\n<p>\u2013 wspomagaj\u0105ce wyg\u0142adzenie sk\u00f3ry<br \/>\n\u2013 od\u017cywcze i regeneruj\u0105ce<br \/>\n\u2013 wspomagaj\u0105ce nawil\u017cenie sk\u00f3ry<br \/>\n\u2013 wspomagaj\u0105ce uj\u0119drnienie sk\u00f3ry<br \/>\n\u2013 koj\u0105ce i antyoksydacyjne<br \/>\n\u2013 przeciwbakteryjne i przeciwzapalne<br \/>\n\u2013 roz\u015bwietlaj\u0105ce<br \/>\n\u2013 antyoksydacyjne<\/p>\n<p><strong>APLIKACJA:<\/strong><\/p>\n<p>\u2013 wmasowa\u0107 niewielk\u0105 ilo\u015b\u0107 kremu w oczyszczon\u0105 sk\u00f3r\u0119 twarzy i dekoltu<br \/>\n\u2013 stosowa\u0107 codziennie przed snem<br \/>\n\u2013 na ka\u017cd\u0105 por\u0119 roku<\/p>\n<p><strong>ZA CO JESZCZE POKOCHASZ TEN PRODUKT:<\/strong><\/p>\n<p>&#8211; za to, \u017ce jest tworzony z intencj\u0105 zdrowia i mi\u0142o\u015bci<br \/>\n&#8211; za to, \u017ce jest wyj\u0105tkowo wydajny ze wzgl\u0119du na siln\u0105 koncentracj\u0119 naturalnych sk\u0142adnik\u00f3w<br \/>\n&#8211; za to, \u017ce jest wykonywany r\u0119cznie, z zachowaniem standard\u00f3w dobrej praktyki produkcyjnej<br \/>\n&#8211; za to, \u017ce ekstrakt CBD, kt\u00f3ry jest w nim zawarty jest czysty od wszelkich toksycznych zanieczyszcze\u0144 i metali ci\u0119\u017ckich<\/p>\n","protected":false},"excerpt":{"rendered":"<p>zawarto\u015b\u0107 CBD &#8211; 300 mg<br \/>\nobj\u0119to\u015b\u0107 &#8211; 30 ml<\/p>\n<p><strong>Skuteczno\u015b\u0107 Face Night Cream\u00a0CBD 300 gwarantuj\u0105:\u00a0<\/strong><\/p>\n<p>+ olej CBD full spectrum<br \/>\n+ kom\u00f3rki macierzyste z je\u017c\u00f3wki<br \/>\n+ olej z opuncji figowej<\/p>\n<p>Nocny krem piel\u0119gnacyjny do twarzy z wysok\u0105 zawarto\u015bci\u0105 ekstraktu CBD full spectrum, witamin\u0105 E i drogocennym olejem z opuncji figowej.<\/p>\n<p>G\u0142adka, od\u017cywiona i wypocz\u0119ta sk\u00f3ra mo\u017ce sta\u0107 si\u0119 Twoj\u0105 wizyt\u00f3wk\u0105!<\/p>\n","protected":false},"featured_media":5961,"comment_status":"open","ping_status":"closed","template":"","meta":{"wds_primary_product_brand":0,"wds_primary_product_cat":544},"product_brand":[],"product_cat":[520,544],"product_tag":[],"class_list":{"0":"post-1289","1":"product","2":"type-product","3":"status-publish","4":"has-post-thumbnail","6":"product_cat-beauty","7":"product_cat-kremy-cbd","9":"first","10":"instock","11":"taxable","12":"shipping-taxable","13":"purchasable","14":"product-type-simple","15":"prodpage-style2"},"_links":{"self":[{"href":"https:\/\/mariog3.pl\/OLDCBD\/wp-json\/wp\/v2\/product\/1289","targetHints":{"allow":["GET"]}}],"collection":[{"href":"https:\/\/mariog3.pl\/OLDCBD\/wp-json\/wp\/v2\/product"}],"about":[{"href":"https:\/\/mariog3.pl\/OLDCBD\/wp-json\/wp\/v2\/types\/product"}],"replies":[{"embeddable":true,"href":"https:\/\/mariog3.pl\/OLDCBD\/wp-json\/wp\/v2\/comments?post=1289"}],"wp:featuredmedia":[{"embeddable":true,"href":"https:\/\/mariog3.pl\/OLDCBD\/wp-json\/wp\/v2\/media\/5961"}],"wp:attachment":[{"href":"https:\/\/mariog3.pl\/OLDCBD\/wp-json\/wp\/v2\/media?parent=1289"}],"wp:term":[{"taxonomy":"product_brand","embeddable":true,"href":"https:\/\/mariog3.pl\/OLDCBD\/wp-json\/wp\/v2\/product_brand?post=1289"},{"taxonomy":"product_cat","embeddable":true,"href":"https:\/\/mariog3.pl\/OLDCBD\/wp-json\/wp\/v2\/product_cat?post=1289"},{"taxonomy":"product_tag","embeddable":true,"href":"https:\/\/mariog3.pl\/OLDCBD\/wp-json\/wp\/v2\/product_tag?post=1289"}],"curies":[{"name":"wp","href":"https:\/\/api.w.org\/{rel}","templated":true}]}}