{"id":1294,"date":"2021-12-13T13:25:04","date_gmt":"2021-12-13T11:25:04","guid":{"rendered":"https:\/\/mariog3.pl\/OLDCBD\/?post_type=product&#038;p=1294"},"modified":"2025-05-12T10:36:34","modified_gmt":"2025-05-12T09:36:34","slug":"face-serum","status":"publish","type":"product","link":"https:\/\/mariog3.pl\/OLDCBD\/sklep\/face-serum\/","title":{"rendered":"Face Serum CBD 600 Firmed and Revitalized Skin"},"content":{"rendered":"<p>Je\u015bli marzysz o zdrowej, od\u017cywionej, j\u0119drnej, nawil\u017conej i promiennej sk\u00f3rze twarzy, to Face Serum CBD 600mg | Firmed and Revitalized Skin 30ml jest stworzone dla Ciebie!<\/p>\n<p>Nasze od\u017cywcze serum do twarzy zawiera wysok\u0105 dawk\u0119 ekstraktu CBD full spectrum, kom\u00f3rki macierzyste z je\u017c\u00f3wki, kolagen i elastyn\u0119 oraz olej z opuncji figowej.<\/p>\n<p>Moc kwasu hialuronowego i kom\u00f3rek macierzystych z je\u017c\u00f3wki w po\u0142\u0105czeniu z ekstraktem CBD full spectrum z konopi pozwoli\u0142o stworzy\u0107 to niesamowicie nawil\u017caj\u0105ce serum, kt\u00f3re zaspokoi pragnienie Twojej sk\u00f3ry i pozostawi j\u0105 mi\u0119kk\u0105, poprawiaj\u0105c jednocze\u015bnie jej elastyczno\u015b\u0107.\u00a0Serum zawiera naturalne sk\u0142adniki od\u017cywcze, w tym drogocenny olej z opuncji figowej oraz stymuluj\u0105cy kolagen i elastyn\u0119.<\/p>\n<p>To &#8222;must have&#8221; piel\u0119gnacyjne ka\u017cdej sk\u00f3ry, kt\u00f3re \u015bwietnie poradzi sobie z widocznymi na twarzy objawami stresu i zm\u0119czenia, wolnymi rodnikami i pozosta\u0142ymi oznakami starzenia, napinaj\u0105c i rozja\u015bniaj\u0105c sk\u00f3r\u0119.<\/p>\n<p>Odkryj \u015bwie\u017csz\u0105, zdrowsz\u0105 sk\u00f3r\u0119 za pomoc\u0105 kropli Face <a href=\"https:\/\/mariog3.pl\/OLDCBD\/kategoria-produktu\/produkty\/serum-cbd\">Serum CBD<\/a> 600!<\/p>\n<p><strong>WSKAZANIA:<\/strong><\/p>\n<p>&#8211; sk\u00f3ra pozbawiona j\u0119drno\u015bci<br \/>\n&#8211; sk\u00f3ra wymagaj\u0105ca intensywnej regeneracji i od\u017cywienia<br \/>\n&#8211; sk\u00f3ra odwodniona<br \/>\n&#8211; sk\u00f3ra matowa i zm\u0119czona<br \/>\n&#8211; sk\u00f3ra podra\u017cniona<br \/>\n&#8211; sk\u00f3ra z oznakami starzenia<\/p>\n<p><strong>DZIA\u0141ANIE naturalnych sk\u0142adnik\u00f3w zawartych w formule:<\/strong><\/p>\n<p>&#8211; wsparcie elastyczno\u015bci sk\u00f3ry<br \/>\n&#8211; poprawa od\u017cywienia sk\u00f3ry<br \/>\n&#8211; wspomaga regeneracj\u0119 i odbudow\u0119 sk\u00f3ry<br \/>\n&#8211; wyr\u00f3wnuje koloryt sk\u00f3ry<br \/>\n&#8211; redukuje niedoskona\u0142o\u015bci sk\u00f3ry<br \/>\n&#8211; przywraca sk\u00f3rze promienny wygl\u0105d<br \/>\n&#8211; op\u00f3\u017ania procesy starzenia<br \/>\n&#8211; dzia\u0142a koj\u0105co i antyoksydacyjnie<br \/>\n&#8211; wspiera naturalne mechanizmy obronne sk\u00f3ry<\/p>\n<p><strong>APLIKACJA:<\/strong><\/p>\n<p>&#8211; wstrz\u0105\u015bnij przed u\u017cyciem<br \/>\n&#8211; kilka kropel serum wmasuj delikatnie na oczyszczon\u0105 sk\u00f3r\u0119 twarzy i dekoltu lub w inne miejsce wymagaj\u0105ce regeneracji.<br \/>\n&#8211; stosuj codziennie wieczorem, przed posmarowaniem twarzy kremem na noc<\/p>\n<p><strong>ZA CO JESZCZE POKOCHASZ NASZE SERUM DO TWARZY:<\/strong><\/p>\n<p>&#8211; za to, \u017ce jest tworzony z intencj\u0105 zdrowia i mi\u0142o\u015bci<br \/>\n&#8211; za to, \u017ce jest wyj\u0105tkowo wydajny ze wzgl\u0119du na siln\u0105 koncentracj\u0119 naturalnych sk\u0142adnik\u00f3w<br \/>\n&#8211; za to, \u017ce jest wykonywany r\u0119cznie, z zachowaniem standard\u00f3w dobrej praktyki produkcyjnej<br \/>\n&#8211; za to, \u017ce <a href=\"https:\/\/mariog3.pl\/OLDCBD\/dlaczego-ekstrakt-cbd-full-spectrum\">ekstrakt CBD<\/a>, kt\u00f3ry jest w nim zawarty jest czysty od wszelkich toksycznych zanieczyszcze\u0144 i metali ci\u0119\u017ckich<\/p>\n","protected":false},"excerpt":{"rendered":"<p>zawarto\u015b\u0107 CBD &#8211; 600 mg<br \/>\nobj\u0119to\u015b\u0107 &#8211; 30 ml<\/p>\n<p><strong>Skuteczno\u015b\u0107 Face Serum CBD 600 gwarantuj\u0105:\u00a0<\/strong><\/p>\n<p>+ olej CBD full spectrum<br \/>\n+ kom\u00f3rki macierzyste z je\u017c\u00f3wki<br \/>\n+ kolagen z elastyn\u0105<br \/>\n+ kwas hialuronowy<br \/>\n+ olej z opuncji figowej<br \/>\n+ witamina A, E, C<\/p>\n<p>Od\u017cywcze serum do twarzy z wysok\u0105 zawarto\u015bci\u0105 ekstraktu CBD full spectrum oraz kom\u00f3rkami macierzystymi z je\u017c\u00f3wki, kolagenem i elastyn\u0105 oraz drogocennym olejem z opuncji figowej przeznaczone dla ka\u017cdego typu sk\u00f3ry.<\/p>\n","protected":false},"featured_media":5966,"comment_status":"open","ping_status":"closed","template":"","meta":{"wds_primary_product_brand":0,"wds_primary_product_cat":548},"product_brand":[],"product_cat":[520,548,549],"product_tag":[],"class_list":{"0":"post-1294","1":"product","2":"type-product","3":"status-publish","4":"has-post-thumbnail","6":"product_cat-beauty","7":"product_cat-serum-cbd","8":"product_cat-bestsellery","10":"first","11":"instock","12":"taxable","13":"shipping-taxable","14":"purchasable","15":"product-type-simple","16":"prodpage-style2"},"_links":{"self":[{"href":"https:\/\/mariog3.pl\/OLDCBD\/wp-json\/wp\/v2\/product\/1294","targetHints":{"allow":["GET"]}}],"collection":[{"href":"https:\/\/mariog3.pl\/OLDCBD\/wp-json\/wp\/v2\/product"}],"about":[{"href":"https:\/\/mariog3.pl\/OLDCBD\/wp-json\/wp\/v2\/types\/product"}],"replies":[{"embeddable":true,"href":"https:\/\/mariog3.pl\/OLDCBD\/wp-json\/wp\/v2\/comments?post=1294"}],"wp:featuredmedia":[{"embeddable":true,"href":"https:\/\/mariog3.pl\/OLDCBD\/wp-json\/wp\/v2\/media\/5966"}],"wp:attachment":[{"href":"https:\/\/mariog3.pl\/OLDCBD\/wp-json\/wp\/v2\/media?parent=1294"}],"wp:term":[{"taxonomy":"product_brand","embeddable":true,"href":"https:\/\/mariog3.pl\/OLDCBD\/wp-json\/wp\/v2\/product_brand?post=1294"},{"taxonomy":"product_cat","embeddable":true,"href":"https:\/\/mariog3.pl\/OLDCBD\/wp-json\/wp\/v2\/product_cat?post=1294"},{"taxonomy":"product_tag","embeddable":true,"href":"https:\/\/mariog3.pl\/OLDCBD\/wp-json\/wp\/v2\/product_tag?post=1294"}],"curies":[{"name":"wp","href":"https:\/\/api.w.org\/{rel}","templated":true}]}}