{"id":1297,"date":"2021-12-13T13:32:13","date_gmt":"2021-12-13T13:32:13","guid":{"rendered":"https:\/\/mariog3.pl\/OLDCBD\/?post_type=product&#038;p=1297"},"modified":"2025-01-10T12:49:52","modified_gmt":"2025-01-10T11:49:52","slug":"body-oil","status":"publish","type":"product","link":"https:\/\/mariog3.pl\/OLDCBD\/sklep\/body-oil\/","title":{"rendered":"Body Oil CBD 1500 Illuminated, Smoothed and Moisturized Skin"},"content":{"rendered":"<p><strong>Body Oil CBD 1500 mg<\/strong> Illuminated, Smoothed and Moisturized Skin<\/p>\n<p>Je\u015bli marzysz o roz\u015bwietlonym, j\u0119drnym i g\u0142adkim ciele bez cellulitu, nasz Olej Body Oil CBD 1500 Illuminated, Smoothed and Moisturized Skin jest dla Ciebie!<\/p>\n<p>Roz\u015bwietlaj\u0105cy i uj\u0119drniaj\u0105cy Body Oil 750 \u00a0do cia\u0142a zawiera wysok\u0105 dawk\u0119 ekstraktu CBD oraz drogocenne oleje z zielonej kawy, pestek granatu i pestek moreli, a tak\u017ce ekstrakty zio\u0142owe z kocanki i lawendy.<\/p>\n<p>To zr\u00f3\u017cnicowane po\u0142\u0105czenie olejk\u00f3w i ekstrakt\u00f3w zio\u0142owych zosta\u0142o opracowane specjalnie z my\u015bl\u0105 o codziennej piel\u0119gnacji sk\u00f3ry, zmniejszeniu widoczno\u015bci cellulitu, wyg\u0142adzeniu, nawil\u017ceniu i od\u017cywieniu. Olej \u00a0z nasion konopi w po\u0142\u0105czeniu z olejem z pestek moreli i pestek granatu wspieraj\u0105 odm\u0142adzanie sk\u00f3ry i jej elastyczno\u015b\u0107. Olej <a href=\"https:\/\/mariog3.pl\/OLDCBD\/dlaczego-ekstrakt-cbd-full-spectrum\">CBD full spectrum<\/a> wykazuje r\u00f3wnie\u017c w\u0142a\u015bciwo\u015bci przeciwzapalne.<\/p>\n<p><strong>WSKAZANIA:<\/strong><\/p>\n<p>&#8211; sk\u00f3ra pozbawiona j\u0119drno\u015bci<br \/>\n&#8211; sk\u00f3ra wymagaj\u0105ca regeneracji i od\u017cywienia<br \/>\n&#8211; sk\u00f3ra szara i zm\u0119czona<br \/>\n&#8211; sk\u00f3ra pozbawiona blasku<\/p>\n<p><strong>DZIA\u0141ANIE naturalnych sk\u0142adnik\u00f3w:<\/strong><\/p>\n<p>&#8211; poprawa j\u0119drno\u015bci sk\u00f3ry<br \/>\n&#8211; redukuje niedoskona\u0142o\u015bci<br \/>\n&#8211; wspomaga odbudow\u0119 i regeneracj\u0119 sk\u00f3ry<br \/>\n&#8211; wspomaga wyg\u0142adzenie sk\u00f3ry<br \/>\n&#8211; wyr\u00f3wnuje koloryt sk\u00f3ry<br \/>\n&#8211; op\u00f3\u017ania procesy starzenia sk\u00f3ry<br \/>\n&#8211; koj\u0105ce i antyoksydacyjne<br \/>\n&#8211; roz\u015bwietlaj\u0105ce<\/p>\n<p><strong>APLIKACJA:<\/strong><\/p>\n<p>&#8211; wmasuj delikatnie kilka kropel oleju na oczyszczon\u0105 i zwil\u017con\u0105 sk\u00f3r\u0119<br \/>\n&#8211; stosuj codziennie<\/p>\n<p><strong>ZA CO JESZCZE POKOCHASZ OLEJ CBD 1500 MARKI CBD SKIN EXPERT:<\/strong><\/p>\n<p>&#8211; za to, \u017ce jest tworzony z intencj\u0105 zdrowia i mi\u0142o\u015bci<br \/>\n&#8211; za to, \u017ce jest wyj\u0105tkowo wydajny ze wzgl\u0119du na siln\u0105 koncentracj\u0119 naturalnych sk\u0142adnik\u00f3w<br \/>\n&#8211; za to, \u017ce jest wykonywany r\u0119cznie, z zachowaniem standard\u00f3w dobrej praktyki produkcyjnej<br \/>\n&#8211; za to, \u017ce ekstrakt CBD, kt\u00f3ry jest w nim zawarty jest czysty od wszelkich toksycznych zanieczyszcze\u0144 i metali ci\u0119\u017ckich<\/p>\n","protected":false},"excerpt":{"rendered":"<p>zawarto\u015b\u0107 CBD &#8211; 1500 mg<br \/>\nobj\u0119to\u015b\u0107 &#8211; 500 ml<\/p>\n<p><strong>Skuteczno\u015b\u0107 Oleju CBD 1500 gwarantuj\u0105:<\/strong><\/p>\n<p>+ olej CBD full spectrum<br \/>\n+ olej z zielonej kawy<br \/>\n+ olej z pestek moreli<br \/>\n+ olej z nasion konopi<br \/>\n+ olej z pestek granatu<br \/>\n+ lawenda<br \/>\n+ arnika<br \/>\n+ kocanka<br \/>\n+ z\u0142ota mika<\/p>\n<p>Olej do cia\u0142a z ekstraktem CBD oraz olejem z zielonej kawy, pestek granatu i pestek moreli.<\/p>\n<p>Nawil\u017cone, wyg\u0142adzone i roz\u015bwietlone cia\u0142o Twoim znakiem rozpoznawczym!<\/p>\n","protected":false},"featured_media":3429,"comment_status":"open","ping_status":"closed","template":"","meta":{"wds_primary_product_brand":0,"wds_primary_product_cat":551},"product_brand":[],"product_cat":[557,520,545,559],"product_tag":[],"class_list":{"0":"post-1297","1":"product","2":"type-product","3":"status-publish","4":"has-post-thumbnail","6":"product_cat-azs-i-luszczyca","7":"product_cat-beauty","8":"product_cat-oleje-cbd","9":"product_cat-blizny-i-rozstepy","11":"first","12":"instock","13":"taxable","14":"shipping-taxable","15":"purchasable","16":"product-type-simple","17":"prodpage-style2"},"_links":{"self":[{"href":"https:\/\/mariog3.pl\/OLDCBD\/wp-json\/wp\/v2\/product\/1297","targetHints":{"allow":["GET"]}}],"collection":[{"href":"https:\/\/mariog3.pl\/OLDCBD\/wp-json\/wp\/v2\/product"}],"about":[{"href":"https:\/\/mariog3.pl\/OLDCBD\/wp-json\/wp\/v2\/types\/product"}],"replies":[{"embeddable":true,"href":"https:\/\/mariog3.pl\/OLDCBD\/wp-json\/wp\/v2\/comments?post=1297"}],"wp:featuredmedia":[{"embeddable":true,"href":"https:\/\/mariog3.pl\/OLDCBD\/wp-json\/wp\/v2\/media\/3429"}],"wp:attachment":[{"href":"https:\/\/mariog3.pl\/OLDCBD\/wp-json\/wp\/v2\/media?parent=1297"}],"wp:term":[{"taxonomy":"product_brand","embeddable":true,"href":"https:\/\/mariog3.pl\/OLDCBD\/wp-json\/wp\/v2\/product_brand?post=1297"},{"taxonomy":"product_cat","embeddable":true,"href":"https:\/\/mariog3.pl\/OLDCBD\/wp-json\/wp\/v2\/product_cat?post=1297"},{"taxonomy":"product_tag","embeddable":true,"href":"https:\/\/mariog3.pl\/OLDCBD\/wp-json\/wp\/v2\/product_tag?post=1297"}],"curies":[{"name":"wp","href":"https:\/\/api.w.org\/{rel}","templated":true}]}}