{"id":1559,"date":"2021-12-15T01:27:57","date_gmt":"2021-12-15T01:27:57","guid":{"rendered":"https:\/\/mariog3.pl\/OLDCBD\/?post_type=product&#038;p=1559"},"modified":"2025-05-08T01:19:03","modified_gmt":"2025-05-08T00:19:03","slug":"pomadka-ochronna","status":"publish","type":"product","link":"https:\/\/mariog3.pl\/OLDCBD\/sklep\/pomadka-ochronna\/","title":{"rendered":"Pomadka Piel\u0119gnacyjna &#8211; Pi\u0119kne usta CBD 50"},"content":{"rendered":"<p>Je\u015bli marzysz o naturalnie jedwabistych, mi\u0119kkich i g\u0142adkich ustach, to Pomadka Piel\u0119gnacyjna &#8211; Pi\u0119kne usta CBD 50 jest dla Ciebie!<\/p>\n<p>Usta wymagaj\u0105 nawil\u017cania tak samo jak reszta sk\u00f3ry. Sucha, pop\u0119kana, obola\u0142a sk\u00f3ra na ustach i wok\u00f3\u0142 nich mo\u017ce stanowi\u0107 dyskomfort.<\/p>\n<p>Niezale\u017cnie od tego, czy Twoje usta wysch\u0142y na skutek zaniedbania w gor\u0105cym letnim s\u0142o\u0144cu, czy te\u017c zaszkodzi\u0142y im lodowate wichury, wszyscy pragniemy, aby usta by\u0142y mi\u0119kkie i odpowiednio nawil\u017cone.<\/p>\n<p>Dlatego stworzyli\u015bmy produkt, kt\u00f3ry zawiera w sobie niezwyk\u0142e CBD full spectrum, wosk pszczeli, olej kokosowy , mas\u0142o kakaowe iw inne sk\u0142adniki. Nasza pomadka pachnie dzi\u0119ki olejkom eterycznym z pomara\u0144czy oraz neroli.<\/p>\n<p>Pomadka CBD powinna znale\u017a\u0107 si\u0119 w ka\u017cdej torebce i kieszeni!<\/p>\n<p>&nbsp;<\/p>\n<p>Jakie w\u0142a\u015bciwo\u015bci posiadaj\u0105 zawarte w pomadce CBD 50 sk\u0142adniki?<\/p>\n<ul>\n<li>Wosk pszczeli i lanolina tworz\u0105 ochronny film, tworz\u0105c barier\u0119 przed czynnikami atmosferycznymi<\/li>\n<li>Gliceryna ro\u015blinna skutecznie nawil\u017ca, \u0142agodzi spierzchni\u0119cia, uelastycznia i zmi\u0119kcza<\/li>\n<li>Mas\u0142o kakaowe dzi\u0119ki witaminom A i E dzia\u0142a regeneracyjnie<\/li>\n<li>Zapach naturalnych olejk\u00f3w eterycznych dope\u0142nia ca\u0142o\u015b\u0107 kompozycji<\/li>\n<\/ul>\n<p>Uwaga! Stosowanie naturalnych sk\u0142adnik\u00f3w, mase\u0142 i olej\u00f3w nierafinowanych mo\u017ce powodowa\u0107, \u017ce zapach, kolor i konsystencja mog\u0105 si\u0119 nieznacznie r\u00f3\u017cni\u0107, w zale\u017cno\u015bci od partii.<\/p>\n","protected":false},"excerpt":{"rendered":"<p>Zawarto\u015b\u0107 CBD \u2013 50 mg<br \/>\nWaga \u2013 7 g<\/p>\n<p>To codzienna, naturalna i skuteczna piel\u0119gnacja Twoich ust. Uwaga! Pomadka jest wyj\u0105tkowo wydajny ze wzgl\u0119du na siln\u0105 koncentracj\u0119 sk\u0142adnik\u00f3w<\/p>\n<p>Wyj\u0105tkow\u0105 skuteczno\u015b\u0107 pomadki do ust CBD 50 gwarantuj\u0105:<br \/>\n+ Olej CBD full spectrum<br \/>\n+ Ekstrakt z konopi (macerat)<br \/>\n+ Wosk pszczeli i lanolina<br \/>\n+ Mas\u0142o kakaowe<br \/>\n+ Olej kokosowy<br \/>\n+ Gliceryna ro\u015blinna<br \/>\n+ Olejki eteryczne z pomara\u0144czy oraz neroli<\/p>\n","protected":false},"featured_media":7564,"comment_status":"open","ping_status":"closed","template":"","meta":{"wds_primary_product_brand":0,"wds_primary_product_cat":685},"product_brand":[],"product_cat":[685,520],"product_tag":[],"class_list":{"0":"post-1559","1":"product","2":"type-product","3":"status-publish","4":"has-post-thumbnail","6":"product_cat-pomadki-cbd","7":"product_cat-beauty","9":"first","10":"instock","11":"taxable","12":"shipping-taxable","13":"purchasable","14":"product-type-simple","15":"prodpage-style2"},"_links":{"self":[{"href":"https:\/\/mariog3.pl\/OLDCBD\/wp-json\/wp\/v2\/product\/1559","targetHints":{"allow":["GET"]}}],"collection":[{"href":"https:\/\/mariog3.pl\/OLDCBD\/wp-json\/wp\/v2\/product"}],"about":[{"href":"https:\/\/mariog3.pl\/OLDCBD\/wp-json\/wp\/v2\/types\/product"}],"replies":[{"embeddable":true,"href":"https:\/\/mariog3.pl\/OLDCBD\/wp-json\/wp\/v2\/comments?post=1559"}],"wp:featuredmedia":[{"embeddable":true,"href":"https:\/\/mariog3.pl\/OLDCBD\/wp-json\/wp\/v2\/media\/7564"}],"wp:attachment":[{"href":"https:\/\/mariog3.pl\/OLDCBD\/wp-json\/wp\/v2\/media?parent=1559"}],"wp:term":[{"taxonomy":"product_brand","embeddable":true,"href":"https:\/\/mariog3.pl\/OLDCBD\/wp-json\/wp\/v2\/product_brand?post=1559"},{"taxonomy":"product_cat","embeddable":true,"href":"https:\/\/mariog3.pl\/OLDCBD\/wp-json\/wp\/v2\/product_cat?post=1559"},{"taxonomy":"product_tag","embeddable":true,"href":"https:\/\/mariog3.pl\/OLDCBD\/wp-json\/wp\/v2\/product_tag?post=1559"}],"curies":[{"name":"wp","href":"https:\/\/api.w.org\/{rel}","templated":true}]}}