{"id":3155,"date":"2022-02-02T01:28:27","date_gmt":"2022-02-02T01:28:27","guid":{"rendered":"https:\/\/mariog3.pl\/OLDCBD\/?post_type=product&#038;p=3155"},"modified":"2025-01-02T09:26:14","modified_gmt":"2025-01-02T08:26:14","slug":"olejek-cbd-15-full-spectrum-remedial","status":"publish","type":"product","link":"https:\/\/mariog3.pl\/OLDCBD\/sklep\/olejek-cbd-15-full-spectrum-remedial\/","title":{"rendered":"Olejek CBD 15%  Full Spectrum \u201cREMEDIAL\u201d"},"content":{"rendered":"<p><em>Stosuj\u0105c si\u0119 do przepis\u00f3w rozporz\u0105dzenia Parlamentu Europejskiego i Rady (UE) Nr 2015\/2283 z dnia 25 listopada 2015 r. w sprawie nowej \u017cywno\u015bci (\u2026) Dz.Urz.UE L 327 z 11.12.2015, str 1.), do czasu rozstrzygni\u0119cia kwestii na poziomie UE, informujemy, \u017ce ekstrakty z konopi siewnych z CBD s\u0105 przeznaczone wy\u0142\u0105cznie do stosowania zewn\u0119trznego. Ustawodawstwo Unii Europejskiej m\u00f3wi, \u017ce maksymalne dopuszczalne st\u0119\u017cenie psychoaktywnego THC musi wynosi\u0107 mniej ni\u017c 0,3 %. \u00a0<\/em><\/p>\n<p>Olejek CBD 15% Full Spectrum REMEDIAL nie bez powodu zosta\u0142 ozdobiony symbolem w\u0119z\u0142a czwartorz\u0119dowego, kt\u00f3ry nawi\u0105zuje do czterech \u017cywio\u0142\u00f3w, czterech stron \u015bwiata lub czterech p\u00f3r roku. To znany symbol ochronny wspieraj\u0105cy r\u00f3wnowag\u0119 i balans.<\/p>\n<p>Kiedy warto stosowa\u0107 olejek CBD 15%?<\/p>\n<p>Jak sugeruj\u0105 badania, im jeste\u015bmy starsi, tym ro\u015bnie prawdopodobie\u0144stwo, \u017ce cierpimy na niedob\u00f3r kannabinoid\u00f3w, kt\u00f3re mo\u017ce uzupe\u0142ni\u0107 olejek CBD o wysokim st\u0119\u017ceniu.<\/p>\n<p>Konopie wykazuj\u0105 dzia\u0142anie przeciwzapalne i wzmacniaj\u0105ce odporno\u015b\u0107.<\/p>\n<p>Olejki CBD s\u0105 zalecane profilaktycznie w celu zniwelowania skutk\u00f3w zwi\u0105zanych z rozwojem cywilizacyjnym &#8211; stresem, rozdra\u017cnieniem, problemami z koncentracj\u0105, zaburzeniami snu, \u0142aknienia czy wahaniami nastroju.<\/p>\n<p>Dzienne zapotrzebowanie na kannabinoidy wynosi 1- 6 mg CBD na ka\u017cde 5 kg masy cia\u0142a. Przyk\u0142adowo m\u0119\u017cczyzna 80 kg powinien przyjmowa\u0107 dawk\u0119 16mg do 96 mg.<\/p>\n<p>W celach terapeutycznych wskazane s\u0105 zwykle wi\u0119ksze ilo\u015bci CBD, dlatego wy\u017csze st\u0119\u017cenie olejku CBD, takie jak np. 15% mo\u017ce by\u0107 bardziej praktyczne.<\/p>\n<p>W niekt\u00f3rych wypadkach, stosowanie ekstrakt\u00f3w CBD mo\u017ce wspom\u00f3c terapi\u0119 wielu schorze\u0144 i znacznie poprawi\u0107 komfort \u017cycia oraz samopoczucie.<\/p>\n<p>W jakich sytuacjach warto stosowa\u0107 olejki CBD o wy\u017cszych st\u0119\u017ceniach:<\/p>\n<p>&#8211; alergia kontaktowa<br \/>\n&#8211; atopowe zapalenie sk\u00f3ry<br \/>\n&#8211; infekcje bakteryjne<br \/>\n&#8211; stany l\u0119kowe<br \/>\n&#8211; nadci\u015bnienie<br \/>\n&#8211; osteroporoza<br \/>\n&#8211; nowotwory, rak piersi<br \/>\n&#8211; choroby uk\u0142adu kr\u0105\u017cenia<br \/>\n&#8211; przewlek\u0142a pourazowa encephelopatia (CTE)<br \/>\n&#8211; przewlek\u0142a obturacyjna choroba p\u0142uc (POChP)<br \/>\n&#8211; zapalenie jelita grubego<br \/>\n&#8211; choroba Crohna<br \/>\n&#8211; depresja<br \/>\n&#8211; cukrzyca<br \/>\n&#8211; egzema<br \/>\n&#8211; obrz\u0119k<br \/>\n&#8211; zw\u0142\u00f3knienia<br \/>\n&#8211; choroby \u017co\u0142\u0105dkowo &#8211; jelitowe<br \/>\n&#8211; glejak<br \/>\n&#8211; zaburzenia uk\u0142adu odporno\u015bciowego<br \/>\n&#8211; stany zapalne<br \/>\n&#8211; tocze\u0144<br \/>\n&#8211; borelioza<br \/>\n&#8211; migrena<br \/>\n&#8211; choroby neurodegeneracyjne<br \/>\n&#8211; ch\u0142oniak<br \/>\n&#8211; oty\u0142o\u015b\u0107<br \/>\n&#8211; zapalenie trzustki<br \/>\n&#8211; rak prostaty<br \/>\n&#8211; \u0142uszczyca<br \/>\n&#8211; zesp\u00f3\u0142 niespokojnych n\u00f3g<br \/>\n&#8211; reumatyzm<br \/>\n&#8211; udar<br \/>\n&#8211; choroby tarczycy<br \/>\n&#8211; problemy dermatologiczne<br \/>\n&#8211; reumatoidalne zapalenie staw\u00f3w<br \/>\n&#8211; nieswoiste zapalenie jelit<br \/>\n&#8211; COVID-19<\/p>\n","protected":false},"excerpt":{"rendered":"<p>zawarto\u015b\u0107 CBD &#8211; 1500 mg<br \/>\nobj\u0119to\u015b\u0107 &#8211; 10 ml (oko\u0142o 200 kropli)<br \/>\n1 kropla to ok. 7,5 mg CBD<br \/>\nTHC&lt;0,3%<\/p>\n<p>Nasz olejek CBD 15 % REMEDIAL zawiera pe\u0142ne spektrum kannabinoid\u00f3w, terpen\u00f3w i flawonoid\u00f3w naturalnie wyst\u0119puj\u0105cych w konopiach siewnych. Nie wywo\u0142uje efekt\u00f3w psychoaktywnych i mo\u017ce by\u0107 bezpiecznie stosowany przez osoby w ka\u017cdym wieku.<\/p>\n<p>Olejek CBD 15% REMEDIAL to fantastyczne remedium na choroby cywilizacyjne i wszystkie schorzenia o pod\u0142o\u017cu neurologicznym. To nasza tajna bro\u0144 do zada\u0144 specjalnych!<\/p>\n<p>Je\u015bli wa\u017cne jest dla Ciebie wsparcie koncentracji i pami\u0119ci oraz proces\u00f3w poznawczych, a tak\u017ce ochrona przed chorobami o pod\u0142o\u017cu neurodegeneracyjnym \u2013 olejek CBD 15% REMEDIAL jest dla CIEBIE!<\/p>\n","protected":false},"featured_media":5955,"comment_status":"open","ping_status":"closed","template":"","meta":{"wds_primary_product_brand":0,"wds_primary_product_cat":677},"product_brand":[],"product_cat":[677],"product_tag":[],"class_list":{"0":"post-3155","1":"product","2":"type-product","3":"status-publish","4":"has-post-thumbnail","6":"product_cat-olejki-cbd-full-spectrum","8":"first","9":"instock","10":"featured","11":"taxable","12":"shipping-taxable","13":"purchasable","14":"product-type-simple","15":"prodpage-style2"},"_links":{"self":[{"href":"https:\/\/mariog3.pl\/OLDCBD\/wp-json\/wp\/v2\/product\/3155","targetHints":{"allow":["GET"]}}],"collection":[{"href":"https:\/\/mariog3.pl\/OLDCBD\/wp-json\/wp\/v2\/product"}],"about":[{"href":"https:\/\/mariog3.pl\/OLDCBD\/wp-json\/wp\/v2\/types\/product"}],"replies":[{"embeddable":true,"href":"https:\/\/mariog3.pl\/OLDCBD\/wp-json\/wp\/v2\/comments?post=3155"}],"wp:featuredmedia":[{"embeddable":true,"href":"https:\/\/mariog3.pl\/OLDCBD\/wp-json\/wp\/v2\/media\/5955"}],"wp:attachment":[{"href":"https:\/\/mariog3.pl\/OLDCBD\/wp-json\/wp\/v2\/media?parent=3155"}],"wp:term":[{"taxonomy":"product_brand","embeddable":true,"href":"https:\/\/mariog3.pl\/OLDCBD\/wp-json\/wp\/v2\/product_brand?post=3155"},{"taxonomy":"product_cat","embeddable":true,"href":"https:\/\/mariog3.pl\/OLDCBD\/wp-json\/wp\/v2\/product_cat?post=3155"},{"taxonomy":"product_tag","embeddable":true,"href":"https:\/\/mariog3.pl\/OLDCBD\/wp-json\/wp\/v2\/product_tag?post=3155"}],"curies":[{"name":"wp","href":"https:\/\/api.w.org\/{rel}","templated":true}]}}