{"id":3169,"date":"2022-02-03T00:46:05","date_gmt":"2022-02-03T00:46:05","guid":{"rendered":"https:\/\/mariog3.pl\/OLDCBD\/?post_type=product&#038;p=3169"},"modified":"2025-01-02T09:21:57","modified_gmt":"2025-01-02T08:21:57","slug":"olejek-cbd-10-full-spectrum-balance","status":"publish","type":"product","link":"https:\/\/mariog3.pl\/OLDCBD\/sklep\/olejek-cbd-10-full-spectrum-balance\/","title":{"rendered":"Olejek CBD 10%  Full Spectrum \u201cBALANCE\u201d"},"content":{"rendered":"<p><em>Stosuj\u0105c si\u0119 do przepis\u00f3w rozporz\u0105dzenia Parlamentu Europejskiego i Rady (UE) Nr 2015\/2283 z dnia 25 listopada 2015 r. w sprawie nowej \u017cywno\u015bci (\u2026) Dz.Urz.UE L 327 z 11.12.2015, str 1.), do czasu rozstrzygni\u0119cia kwestii na poziomie UE, informujemy, \u017ce <a href=\"https:\/\/mariog3.pl\/OLDCBD\/dlaczego-ekstrakt-cbd-full-spectrum\">ekstrakty z konopi siewnych z CBD<\/a> s\u0105 przeznaczone wy\u0142\u0105cznie do stosowania zewn\u0119trznego. Ustawodawstwo Unii Europejskiej m\u00f3wi, \u017ce maksymalne dopuszczalne st\u0119\u017cenie psychoaktywnego THC musi wynosi\u0107 mniej ni\u017c 0,3 %. \u00a0<\/em><\/p>\n<p><a href=\"https:\/\/mariog3.pl\/OLDCBD\/kategoria-produktu\/produkty\/oleje-cbd\">Olejki konopne CBD full spectrum<\/a> wspieraj\u0105 zdrowy organizm w utrzymaniu odpowiedniego poziomu endokannabinoid\u00f3w i maj\u0105 dobroczynny wp\u0142yw na jako\u015b\u0107 naszego \u017cycia.<\/p>\n<p>Nie bez powodu, na etykiecie naszego olejku CBD10% BALANCE umie\u015bcili\u015bmy symbol, kt\u00f3ry przedstawia \u015bwi\u0119ty kwiat lotosu. Symbol ten reprezentuje proces duchowego rozwoju, nasz\u0105 drog\u0119 do pozyskania harmonii, r\u00f3wnowagi i osi\u0105gni\u0119cia pe\u0142nego potencja\u0142u. Konopie pozwalaj\u0105 codziennie rozwija\u0107 si\u0119 z ja\u015bniejszym umys\u0142em, wewn\u0119trzn\u0105 r\u00f3wnowag\u0105, wi\u0119ksz\u0105 harmoni\u0105 i czysto\u015bci\u0105.<\/p>\n<p><strong>Kiedy warto stosowa\u0107 olejki CBD?<\/strong><\/p>\n<p>Mnogo\u015b\u0107 korzy\u015bci ze stosowania olejk\u00f3w CBD jest ogromna, szczeg\u00f3lnie w przypadku olejk\u00f3w konopnych CBD full spectrum \u2013 to one posiadaj\u0105 w swoim sk\u0142adzie najwi\u0119cej fitosk\u0142adnik\u00f3w wyst\u0119puj\u0105cych w konopi siewnej pozyskiwanych podczas ekstrakcji. Im wi\u0119cej naturalnych zwi\u0105zk\u00f3w z konopi wyst\u0119puje razem w olejku CBD full spectrum, tym silniejsze dzia\u0142anie wynikaj\u0105ce z efektu synergii.<\/p>\n<p>Olej <a href=\"https:\/\/mariog3.pl\/OLDCBD\/medyczne-odkrycie-ktore-kazdy-powinien-znac-czyli-klucz-do-zrozumienia-wszechstronnego-dzialania-cbd\">CBD bardzo dobrze sprawdzi si\u0119 w prozdrowotnym dzia\u0142aniu<\/a> zar\u00f3wno u m\u0119\u017cczyzn jak i u kobiet. U kobiet stosuj\u0105cych regularnie konopie zauwa\u017cono z\u0142agodzenie PMS-u, b\u00f3l\u00f3w menstruacyjnych czy objaw\u00f3w menopauzy.<\/p>\n<p>Ponadto CBD skutecznie i d\u0142ugofalowo stymuluje uk\u0142ad nerwowy, wspiera dobre samopoczucie i sprzyja lepszej koncentracji. Jak r\u00f3wnie\u017c wspiera zdrowy sen nawet w przypadku os\u00f3b mocno zestresowanych prac\u0105 lub \u017cyciem osobistym. Z my\u015bl\u0105 o tych osobach stworzyli\u015bmy olejek konopny 10% Balance!<\/p>\n<p>Olejek CBD ma r\u00f3wnie\u017c silne dzia\u0142anie przeciwutleniaj\u0105ce dlatego jest cz\u0119sto nazywany \u201eeliksirem m\u0142odo\u015bci\u201d. Redukuje stres oksydacyjny spowodowany dzia\u0142aniem wolnych rodnik\u00f3w, spowalnia proces starzenia si\u0119 kom\u00f3rek oraz tkanek, a dodatkowo wspiera naturalne procesy obronne organizmu.<\/p>\n<h4><strong>W jakich sytuacjach warto stosowa\u0107 olejek cbd full spectrum 10%:<\/strong><\/h4>\n<p>&#8211; migrena<br \/>\n&#8211; zesp\u00f3\u0142 policystycznych jajnik\u00f3w (PCOS)<br \/>\n&#8211; zaburzenia hormonalne<br \/>\n&#8211; anoreksja, bulimia<br \/>\n&#8211; zaburzenia snu<br \/>\n&#8211; alergia kontaktowa<br \/>\n&#8211; atopowe zapalenie sk\u00f3ry<br \/>\n&#8211; infekcje bakteryjne<br \/>\n&#8211; nowotwory, rak piersi<br \/>\n&#8211; choroby uk\u0142adu kr\u0105\u017cenia<br \/>\n&#8211; depresja<br \/>\n&#8211; choroby tarczycy<br \/>\n&#8211; cukrzyca<br \/>\n&#8211; Hashimoto<br \/>\n&#8211; wirus opryszczki<br \/>\n&#8211; HIV<br \/>\n&#8211; wirus brodawczaka ludzkiego (HPV)<br \/>\n&#8211; zaburzenia uk\u0142adu odporno\u015bciowego<br \/>\n&#8211; stwardnienie rozsiane (SM)<br \/>\n&#8211; COVID-19<\/p>\n<p>Cho\u0107 ostateczne potwierdzenie wszystkich korzy\u015bci fitokannabinoid\u00f3w dla naszego organizmu wymaga jeszcze czasu i wielu bada\u0144, konopie s\u0105 stosowane w celach terapeutycznych od tysi\u0119cy lat i opisywane pod k\u0105tem swoich w\u0142a\u015bciwo\u015bci zdrowotnych.<\/p>\n<p>&nbsp;<\/p>\n","protected":false},"excerpt":{"rendered":"<p>zawarto\u015b\u0107 CBD \u2013 1000 mg<br \/>\nobj\u0119to\u015b\u0107 &#8211; 10 ml (oko\u0142o 200 kropli)<br \/>\n1 kropla to oko\u0142o 5 mg CBD<br \/>\nTHC&lt;0,3%<\/p>\n<p>Olejek CBD 10% BALANCE pozyskiwany jest z wyselekcjonowanych odmian konopi siewnych i zawiera pe\u0142ne spektrum kannabinoid\u00f3w, terpen\u00f3w i flawonoid\u00f3w.<\/p>\n<p>Je\u015bli marzysz o poprawie jako\u015bci swojego \u017cycia, odzyskaniu wewn\u0119trznej r\u00f3wnowagi, zrelaksowanym ciele i jasnym umy\u015ble \u2013 olejek CBD 10% BALANCE jest dla Ciebie!<\/p>\n<p>Olejek CBD 10 % BALANCE to tak\u017ce gwarancja zdrowego snu oraz wsparcie dla Twojego uk\u0142adu nerwowego.<\/p>\n","protected":false},"featured_media":5954,"comment_status":"open","ping_status":"closed","template":"","meta":{"wds_primary_product_brand":0,"wds_primary_product_cat":677},"product_brand":[],"product_cat":[677],"product_tag":[],"class_list":{"0":"post-3169","1":"product","2":"type-product","3":"status-publish","4":"has-post-thumbnail","6":"product_cat-olejki-cbd-full-spectrum","8":"first","9":"instock","10":"featured","11":"taxable","12":"shipping-taxable","13":"purchasable","14":"product-type-simple","15":"prodpage-style2"},"_links":{"self":[{"href":"https:\/\/mariog3.pl\/OLDCBD\/wp-json\/wp\/v2\/product\/3169","targetHints":{"allow":["GET"]}}],"collection":[{"href":"https:\/\/mariog3.pl\/OLDCBD\/wp-json\/wp\/v2\/product"}],"about":[{"href":"https:\/\/mariog3.pl\/OLDCBD\/wp-json\/wp\/v2\/types\/product"}],"replies":[{"embeddable":true,"href":"https:\/\/mariog3.pl\/OLDCBD\/wp-json\/wp\/v2\/comments?post=3169"}],"wp:featuredmedia":[{"embeddable":true,"href":"https:\/\/mariog3.pl\/OLDCBD\/wp-json\/wp\/v2\/media\/5954"}],"wp:attachment":[{"href":"https:\/\/mariog3.pl\/OLDCBD\/wp-json\/wp\/v2\/media?parent=3169"}],"wp:term":[{"taxonomy":"product_brand","embeddable":true,"href":"https:\/\/mariog3.pl\/OLDCBD\/wp-json\/wp\/v2\/product_brand?post=3169"},{"taxonomy":"product_cat","embeddable":true,"href":"https:\/\/mariog3.pl\/OLDCBD\/wp-json\/wp\/v2\/product_cat?post=3169"},{"taxonomy":"product_tag","embeddable":true,"href":"https:\/\/mariog3.pl\/OLDCBD\/wp-json\/wp\/v2\/product_tag?post=3169"}],"curies":[{"name":"wp","href":"https:\/\/api.w.org\/{rel}","templated":true}]}}