{"id":3170,"date":"2022-02-03T00:46:17","date_gmt":"2022-02-03T00:46:17","guid":{"rendered":"https:\/\/mariog3.pl\/OLDCBD\/?post_type=product&#038;p=3170"},"modified":"2025-01-02T09:15:30","modified_gmt":"2025-01-02T08:15:30","slug":"olejek-cbd-25-full-spectrum-beginning","status":"publish","type":"product","link":"https:\/\/mariog3.pl\/OLDCBD\/sklep\/olejek-cbd-25-full-spectrum-beginning\/","title":{"rendered":"Olejek CBD 2,5%  Full Spectrum \u201cBEGINNING\u201d"},"content":{"rendered":"<p><em>Stosuj\u0105c si\u0119 do przepis\u00f3w rozporz\u0105dzenia Parlamentu Europejskiego i Rady (UE) Nr 2015\/2283 z dnia 25 listopada 2015 r. w sprawie nowej \u017cywno\u015bci (\u2026) Dz.Urz.UE L 327 z 11.12.2015, str 1.), do czasu rozstrzygni\u0119cia kwestii na poziomie UE, informujemy, \u017ce <a href=\"https:\/\/mariog3.pl\/OLDCBD\/dlaczego-ekstrakt-cbd-full-spectrum\">ekstrakty z konopi siewnych z CBD<\/a> s\u0105 przeznaczone wy\u0142\u0105cznie do stosowania zewn\u0119trznego. Ustawodawstwo Unii Europejskiej m\u00f3wi, \u017ce maksymalne dopuszczalne st\u0119\u017cenie psychoaktywnego THC musi wynosi\u0107 mniej ni\u017c 0,3 %.<\/em><\/p>\n<p>W <strong>CBD SKIN EXPERT<\/strong> wierzymy, \u017ce ekstrakty CBD pochodz\u0105ce z konopi siewnych, mog\u0105 dostarczy\u0107 wsparcia naszym organizmom ju\u017c od najm\u0142odszych lat, dlatego stworzyli\u015bmy nasz najdelikatniejszy olejek konopny CBD o st\u0119\u017ceniu 2,5% i znacz\u0105cej nazwie, <strong>BEGINING<\/strong> \u2013 idealny dla pocz\u0105tkuj\u0105cych!<\/p>\n<p>Nasz <a href=\"https:\/\/mariog3.pl\/OLDCBD\/kategoria-produktu\/produkty\/oleje-cbd\">olejek CBD<\/a> 2,5% Full Spectrum &#8211; BEGINNING pozyskiwany jest z wyselekcjonowanych odmian konopi siewnych i zawiera pe\u0142ne spectrum fitokannabinoid\u00f3w oraz terpen\u00f3w i flawonoid\u00f3w naturalnie w nich wyst\u0119puj\u0105cych.<\/p>\n<p>Olejek CBD 2,5%v BEGINING wesprze organizm w utrzymaniu odpowiedniego poziomu kannabinoid\u00f3w niezb\u0119dnych do prawid\u0142owego funkcjonowania jednego z wa\u017cniejszych system\u00f3w w naszym organizmie \u2013 uk\u0142adu endokannabinoidowego.<\/p>\n<p>Olejek CBD fantastycznie wspiera dzia\u0142anie uk\u0142adu immunologicznego pobudzaj\u0105c naturaln\u0105 odporno\u015b\u0107 organizmu, \u0142agodz\u0105c skutki alergii. Ekstrakt wykazuje dzia\u0142anie bakteriob\u00f3jcze i grzybob\u00f3jcze.<\/p>\n<p><a href=\"https:\/\/mariog3.pl\/OLDCBD\/kategoria-produktu\/olejki-cbd-full-spectrum\">Olejek CBD full spectrum<\/a> mo\u017ce r\u00f3wnie\u017c u\u0142atwi\u0107 zasypianie wspomagaj\u0105c jednocze\u015bnie zdrowy, g\u0142\u0119boki sen oraz zmniejszaj\u0105c napi\u0119cie i stany l\u0119kowe.<\/p>\n<p>Olejek CBD 2,5% BEGINNING wesprze te\u017c dobre samopoczucie oraz poprawi uwa\u017cno\u015b\u0107 i\u00a0 koncentracj\u0119.<\/p>\n<p>Olejki CBD s\u0105 coraz bardziej popularne tak\u017ce ze wzgl\u0119du na sw\u00f3j potencja\u0142 w walce z licznymi schorzeniami. Badacze wykazali, \u017ce w niekt\u00f3rych wypadkach, stosowanie oleju\u00a0CBD mo\u017ce wspom\u00f3c terapie i znacznie poprawi\u0107 komfort \u017cycia.<\/p>\n<p><strong>W jakich sytuacjach warto stosowa\u0107 olejki CBD 2,5%:<\/strong><\/p>\n<p>&#8211; poprawa odporno\u015bci<br \/>\n&#8211; regulacja \u0142aknienia (nadwaga, niedowaga)<br \/>\n&#8211; stany zapalne<br \/>\n&#8211; choroby sk\u00f3ry, w tym AZS<br \/>\n&#8211; problemy uk\u0142adu pokarmowego<br \/>\n&#8211; ADHD, ADD<br \/>\n&#8211; zaburzeni l\u0119kowe i depresja<br \/>\n&#8211; autyzm<br \/>\n&#8211; dzia\u0142anie neuroprotekcyjne<br \/>\n&#8211; epilepsja<br \/>\n&#8211; astma<br \/>\n&#8211; zaburzenia snu<br \/>\n&#8211; astma<br \/>\n&#8211; cukrzyca<br \/>\n&#8211; problemy uk\u0142adu pokarmowego<br \/>\n&#8211; alergie<br \/>\n&#8211; infekcje bakteryjne<br \/>\n&#8211; pora\u017cenie m\u00f3zgowe<br \/>\n&#8211; zaburzenia funkcji poznawczych<br \/>\n&#8211; pora\u017cenie m\u00f3zgowe<br \/>\n&#8211; przewlek\u0142a obturacyjna chor\u00f3b p\u0142uc<br \/>\n&#8211; zaburzenia hormonalne<br \/>\n&#8211; wirus opryszczki<br \/>\n&#8211; rozw\u00f3j niemowl\u0105t<br \/>\n&#8211; borelioza<br \/>\n&#8211; zaburzenia pami\u0119ci<br \/>\n&#8211; choroby psychiatryczne<br \/>\n&#8211; zaburzenia obsesyjno-kompulsyjne<br \/>\n&#8211; b\u00f3l<br \/>\n&#8211; anemia<br \/>\n&#8211; spastyczno\u015b\u0107<br \/>\n-COVID-19<\/p>\n<p><strong>Kto i kiedy mo\u017ce przyjmowa\u0107 olejki CBD 2,5 %?<\/strong><\/p>\n<p>Olejki CBD ju\u017c o niewielkich st\u0119\u017ceniach charakteryzuj\u0105 si\u0119 skutecznym dzia\u0142aniem i stosowane s\u0105 w ramach szeroko rozumianej profilaktyki oraz w celach terapeutycznych.<\/p>\n<p>Warto pami\u0119ta\u0107, \u017ce osi\u0105gni\u0119cie maksymalnej skuteczno\u015bci poprzez wykorzystanie w pe\u0142ni potencja\u0142u olejk\u00f3w CBD wymaga systematycznego i regularnego ich stosowania przez d\u0142u\u017cszy okres czasu.<\/p>\n","protected":false},"excerpt":{"rendered":"<p><a>zawarto\u015b\u0107 CBD \u2013 250 mg<br \/>\nobj\u0119to\u015b\u0107 &#8211; 10 ml ( 200 kropli)<br \/>\n1 kropla to ok 1.25 mg CBD<br \/>\nzawarto\u015b\u0107 THC&lt;0,3%<\/a><\/p>\n<p>Nasz olejek CBD 2,5 %<strong> BEGINNING jest w 100% naturalny i bezpieczny dla zdrowia, <\/strong>nie powoduje efekt\u00f3w psychoaktywnych.<\/p>\n<p>Olejek CBD 2,5 % BEGINNING zawiera pe\u0142ne spektrum fitokannabinoid\u00f3w, terpen\u00f3w i flawonoid\u00f3w naturalnie wyst\u0119puj\u0105cych w konopiach siewnych.<\/p>\n<p>Olejki CBD maj\u0105 ro\u017cne st\u0119\u017cenia procentowe. St\u0119\u017cenie CBD oznacza zawarto\u015b\u0107 procentow\u0105 CBD w produkcie \u2013 czyli po prostu jego ilo\u015b\u0107. Olejek CBD 2,5% Begining zawiera 250 mg CBD.<\/p>\n<p>Je\u015bli dopiero zaczynasz swoj\u0105 konopn\u0105 przygod\u0119, warto wybra\u0107\u00a0 olejek CBD 2,5% BEGINING \u2013 takie st\u0119\u017cenie b\u0119dzie najwygodniejsze do ustalenia docelowej i idealnej porcji CBD. Eksperci konopni zalecaj\u0105, aby w celach profilaktycznych przyjmowa\u0107 ok 1-6 mg na ka\u017cde 5 kg masy cia\u0142a.<\/p>\n","protected":false},"featured_media":5953,"comment_status":"open","ping_status":"closed","template":"","meta":{"wds_primary_product_brand":0,"wds_primary_product_cat":677},"product_brand":[],"product_cat":[677],"product_tag":[],"class_list":{"0":"post-3170","1":"product","2":"type-product","3":"status-publish","4":"has-post-thumbnail","6":"product_cat-olejki-cbd-full-spectrum","8":"first","9":"instock","10":"featured","11":"taxable","12":"shipping-taxable","13":"purchasable","14":"product-type-simple","15":"prodpage-style2"},"_links":{"self":[{"href":"https:\/\/mariog3.pl\/OLDCBD\/wp-json\/wp\/v2\/product\/3170","targetHints":{"allow":["GET"]}}],"collection":[{"href":"https:\/\/mariog3.pl\/OLDCBD\/wp-json\/wp\/v2\/product"}],"about":[{"href":"https:\/\/mariog3.pl\/OLDCBD\/wp-json\/wp\/v2\/types\/product"}],"replies":[{"embeddable":true,"href":"https:\/\/mariog3.pl\/OLDCBD\/wp-json\/wp\/v2\/comments?post=3170"}],"wp:featuredmedia":[{"embeddable":true,"href":"https:\/\/mariog3.pl\/OLDCBD\/wp-json\/wp\/v2\/media\/5953"}],"wp:attachment":[{"href":"https:\/\/mariog3.pl\/OLDCBD\/wp-json\/wp\/v2\/media?parent=3170"}],"wp:term":[{"taxonomy":"product_brand","embeddable":true,"href":"https:\/\/mariog3.pl\/OLDCBD\/wp-json\/wp\/v2\/product_brand?post=3170"},{"taxonomy":"product_cat","embeddable":true,"href":"https:\/\/mariog3.pl\/OLDCBD\/wp-json\/wp\/v2\/product_cat?post=3170"},{"taxonomy":"product_tag","embeddable":true,"href":"https:\/\/mariog3.pl\/OLDCBD\/wp-json\/wp\/v2\/product_tag?post=3170"}],"curies":[{"name":"wp","href":"https:\/\/api.w.org\/{rel}","templated":true}]}}