{"id":3998,"date":"2022-05-22T22:50:16","date_gmt":"2022-05-22T20:50:16","guid":{"rendered":"https:\/\/mariog3.pl\/OLDCBD\/?post_type=product&#038;p=3998"},"modified":"2024-03-17T11:18:47","modified_gmt":"2024-03-17T10:18:47","slug":"zestaw-specjalny-kocham-cie","status":"publish","type":"product","link":"https:\/\/mariog3.pl\/OLDCBD\/sklep\/zestaw-specjalny-kocham-cie\/","title":{"rendered":"Zestaw specjalny Kocham Ci\u0119"},"content":{"rendered":"<p>Zestaw wyj\u0105tkowych produkt\u00f3w, kt\u00f3re daj\u0105 najbli\u017cszej Ci osobie to co najwa\u017cniejsze mi\u0142o\u015b\u0107.<\/p>\n<p><strong>1 x Face Night Cream CBD 300 Regenerated and Smoothed Skin<\/strong><br \/>\nzawarto\u015b\u0107 CBD \u2013 300 mg<br \/>\nobj\u0119to\u015b\u0107 \u2013 30 ml<br \/>\nSkuteczno\u015b\u0107 <a href=\"https:\/\/mariog3.pl\/OLDCBD\/sklep\/produkty\/kremy-cbd\/face-night-cream\">Face Night Cream CBD<\/a> 300 gwarantuj\u0105:<br \/>\n+ olej <a href=\"https:\/\/mariog3.pl\/OLDCBD\/dlaczego-ekstrakt-cbd-full-spectrum\">CBD full spectrum<\/a><br \/>\n+ retinol<br \/>\n+ kom\u00f3rki macierzyste<br \/>\n+ olej z opuncji figowej<br \/>\nNocny krem piel\u0119gnacyjny do twarzy z wysok\u0105 zawarto\u015bci\u0105 ekstraktu CBD full spectrum, retinolem, witamin\u0105 E i drogocennym olejem z opuncji figowej. <a href=\"https:\/\/mariog3.pl\/OLDCBD\/kategoria-produktu\/produkty\/kremy-cbd\">Kremy CBD Full Spectrum<\/a>, to g\u0142adka, od\u017cywiona i wypocz\u0119ta sk\u00f3ra, kt\u00f3ra mo\u017ce sta\u0107 si\u0119 Twoj\u0105 wizyt\u00f3wk\u0105!<\/p>\n<p><strong>1 x olejek CBD10% BALANCE<\/strong><br \/>\nzawarto\u015b\u0107 CBD \u2013 1000 mg<br \/>\nobj\u0119to\u015b\u0107 \u2013 10 ml (oko\u0142o 200 kropli)<br \/>\n1 kropla to oko\u0142o 5 mg CBD<br \/>\nTHC&lt;0,2<br \/>\n<a href=\"https:\/\/mariog3.pl\/OLDCBD\/sklep\/olejki-cbd-full-spectrum\/olejek-cbd-15-full-spectrum-remedial\">Olejek CBD<\/a> 10% BALANCE pozyskiwany jest z wyselekcjonowanych odmian konopi siewnych i zawiera pe\u0142ne spektrum kannabinoid\u00f3w, terpen\u00f3w i flawonoid\u00f3w.Je\u015bli marzysz o poprawie jako\u015bci swojego \u017cycia, odzyskaniu wewn\u0119trznej r\u00f3wnowagi, zrelaksowanym ciele i jasnym umy\u015ble \u2013 olejek CBD 10% BALANCE jest dla Ciebie!Olejek CBD 10 % BALANCE to tak\u017ce gwarancja zdrowego snu oraz wsparcie dla Twojego uk\u0142adu nerwowego.<\/p>\n<p><strong>1 x <a href=\"https:\/\/mariog3.pl\/OLDCBD\/sklep\/produkty\/pomadki-cbd\/pomadka-ochronna\">Pomadka Piel\u0119gnacyjna<\/a> \u2013 Pi\u0119kne usta CBD 50<\/strong><\/p>\n<p>Zawarto\u015b\u0107 CBD \u2013 50 mg (0,5%)<br \/>\nWaga \u2013 7g<\/p>\n<p>To codzienna, naturalna i skuteczna piel\u0119gnacja Twoich ust. <strong>Uwaga! Pomadka jest wyj\u0105tkowo wydajna ze wzgl\u0119du na siln\u0105 koncentracj\u0119 sk\u0142adnik\u00f3w<\/strong><\/p>\n","protected":false},"excerpt":{"rendered":"<p>Zestaw wyj\u0105tkowych produkt\u00f3w, kt\u00f3re daj\u0105 najbli\u017cszej Ci osobie to co najwa\u017cniejsze mi\u0142o\u015b\u0107.<\/p>\n","protected":false},"featured_media":6056,"comment_status":"open","ping_status":"closed","template":"","meta":{"wds_primary_product_brand":0,"wds_primary_product_cat":536},"product_brand":[],"product_cat":[536],"product_tag":[],"class_list":{"0":"post-3998","1":"product","2":"type-product","3":"status-publish","4":"has-post-thumbnail","6":"product_cat-promocje","8":"first","9":"instock","10":"sale","11":"taxable","12":"shipping-taxable","13":"purchasable","14":"product-type-woosb","15":"prodpage-style2"},"_links":{"self":[{"href":"https:\/\/mariog3.pl\/OLDCBD\/wp-json\/wp\/v2\/product\/3998","targetHints":{"allow":["GET"]}}],"collection":[{"href":"https:\/\/mariog3.pl\/OLDCBD\/wp-json\/wp\/v2\/product"}],"about":[{"href":"https:\/\/mariog3.pl\/OLDCBD\/wp-json\/wp\/v2\/types\/product"}],"replies":[{"embeddable":true,"href":"https:\/\/mariog3.pl\/OLDCBD\/wp-json\/wp\/v2\/comments?post=3998"}],"wp:featuredmedia":[{"embeddable":true,"href":"https:\/\/mariog3.pl\/OLDCBD\/wp-json\/wp\/v2\/media\/6056"}],"wp:attachment":[{"href":"https:\/\/mariog3.pl\/OLDCBD\/wp-json\/wp\/v2\/media?parent=3998"}],"wp:term":[{"taxonomy":"product_brand","embeddable":true,"href":"https:\/\/mariog3.pl\/OLDCBD\/wp-json\/wp\/v2\/product_brand?post=3998"},{"taxonomy":"product_cat","embeddable":true,"href":"https:\/\/mariog3.pl\/OLDCBD\/wp-json\/wp\/v2\/product_cat?post=3998"},{"taxonomy":"product_tag","embeddable":true,"href":"https:\/\/mariog3.pl\/OLDCBD\/wp-json\/wp\/v2\/product_tag?post=3998"}],"curies":[{"name":"wp","href":"https:\/\/api.w.org\/{rel}","templated":true}]}}