{"id":4186,"date":"2022-07-05T17:35:49","date_gmt":"2022-07-05T17:35:49","guid":{"rendered":"https:\/\/mariog3.pl\/OLDCBD\/?post_type=product&#038;p=4186"},"modified":"2025-01-10T12:46:00","modified_gmt":"2025-01-10T11:46:00","slug":"body-oil-flowers-cbd-750-250ml","status":"publish","type":"product","link":"https:\/\/mariog3.pl\/OLDCBD\/sklep\/body-oil-flowers-cbd-750-250ml\/","title":{"rendered":"Body Oil Flowers CBD 750 250ml"},"content":{"rendered":"<p><strong>Body Oil Flowers CBD 750 mg &#8211; 250ml<\/strong> Illuminated, Smoothed and Moisturized Skin<\/p>\n<p>Je\u015bli marzysz o roz\u015bwietlonym, j\u0119drnym i g\u0142adkim ciele bez cellulitu, nasz Olej Body Oil CBD 750 Illuminated, Smoothed and Moisturized Skin jest dla Ciebie!<\/p>\n<p>Roz\u015bwietlaj\u0105cy i uj\u0119drniaj\u0105cy Body Oil Flowers 750 \u00a0do cia\u0142a zawiera wysok\u0105 dawk\u0119 ekstraktu CBD oraz drogocenny olej ze s\u0142odkich migda\u0142\u00f3w i olej szafranowy, a tak\u017ce olejki eteryczne z ylang ylang, mandarynki i bergamotki.<\/p>\n<p>To zr\u00f3\u017cnicowane po\u0142\u0105czenie olejk\u00f3w i ekstrakt\u00f3w zio\u0142owych zosta\u0142o opracowane specjalnie z my\u015bl\u0105 o codziennej piel\u0119gnacji sk\u00f3ry, zmniejszeniu widoczno\u015bci cellulitu, wyg\u0142adzeniu, nawil\u017ceniu i od\u017cywieniu. Olej z nasion konopi w po\u0142\u0105czeniu z olejem ze s\u0142odkich migda\u0142\u00f3w i olejem szafranowym wspieraj\u0105 odm\u0142adzanie sk\u00f3ry i jej elastyczno\u015b\u0107. Olej <a href=\"https:\/\/mariog3.pl\/OLDCBD\/dlaczego-ekstrakt-cbd-full-spectrum\">CBD full spectrum<\/a> wykazuje r\u00f3wnie\u017c w\u0142a\u015bciwo\u015bci przeciwzapalne.<\/p>\n<p><strong>WSKAZANIA:<\/strong><\/p>\n<p>&#8211; sk\u00f3ra pozbawiona j\u0119drno\u015bci<br \/>\n&#8211; sk\u00f3ra wymagaj\u0105ca regeneracji i od\u017cywienia<br \/>\n&#8211; sk\u00f3ra szara i zm\u0119czona<br \/>\n&#8211; sk\u00f3ra pozbawiona blasku<\/p>\n<p><strong>DZIA\u0141ANIE naturalnych sk\u0142adnik\u00f3w zawartych w formule:<\/strong><\/p>\n<p>&#8211; poprawa j\u0119drno\u015bci sk\u00f3ry<br \/>\n&#8211; redukcja niedoskona\u0142o\u015bci<br \/>\n&#8211; wspomaganie odbudowy i regeneracji sk\u00f3ry<br \/>\n&#8211; wspomaganie wyg\u0142adzenia sk\u00f3ry<br \/>\n&#8211; wyr\u00f3wnanie kolorytu sk\u00f3ry<br \/>\n&#8211; op\u00f3\u017anienie procesu starzenia sk\u00f3ry<br \/>\n&#8211; koj\u0105ce i antyoksydacyjne<br \/>\n&#8211; roz\u015bwietlaj\u0105ce<\/p>\n<p><strong>APLIKACJA:<\/strong><\/p>\n<p>&#8211; wmasuj delikatnie kilka kropel oleju na oczyszczon\u0105 i zwil\u017con\u0105 sk\u00f3r\u0119<br \/>\n&#8211; stosuj codziennie<\/p>\n<p><strong>ZA CO JESZCZE POKOCHASZ BODY OIL FLOWERS CBD 750 MARKI CBD SKIN EXPERT:<\/strong><\/p>\n<p>&#8211; za to, \u017ce jest tworzony z intencj\u0105 zdrowia i mi\u0142o\u015bci<br \/>\n&#8211; za to, \u017ce jest wyj\u0105tkowo wydajny ze wzgl\u0119du na siln\u0105 koncentracj\u0119 naturalnych sk\u0142adnik\u00f3w<br \/>\n&#8211; za to, \u017ce jest wykonywany r\u0119cznie, z zachowaniem standard\u00f3w dobrej praktyki produkcyjnej<br \/>\n&#8211; za to, \u017ce ekstrakt CBD, kt\u00f3ry jest w nim zawarty jest czysty od wszelkich toksycznych zanieczyszcze\u0144 i metali ci\u0119\u017ckich<\/p>\n","protected":false},"excerpt":{"rendered":"<p>zawarto\u015b\u0107 CBD &#8211; 750 mg<br \/>\nobj\u0119to\u015b\u0107 &#8211; 250 ml<\/p>\n<p><strong>Co daje skuteczno\u015b\u0107 CBD 750:<\/strong><br \/>\n+ paczula<br \/>\n+ z\u0142ota mika<br \/>\n+ olej z nasion konopi<br \/>\n+ olej szafranowy<br \/>\n+ olej ze s\u0142odkich migda\u0142\u00f3w<br \/>\n+ ylang ylang<br \/>\n+ mandarynka<br \/>\n+ bergamotka<br \/>\n+ full spectrum CBD<\/p>\n<p>Roz\u015bwietlone, nawil\u017cone i wyg\u0142adzone cia\u0142o mo\u017ce sta\u0107 si\u0119 Twoim znakiem rozpoznawczym!<\/p>\n","protected":false},"featured_media":4187,"comment_status":"open","ping_status":"closed","template":"","meta":{"wds_primary_product_brand":0,"wds_primary_product_cat":551},"product_brand":[],"product_cat":[557,520,559,545],"product_tag":[],"class_list":{"0":"post-4186","1":"product","2":"type-product","3":"status-publish","4":"has-post-thumbnail","6":"product_cat-azs-i-luszczyca","7":"product_cat-beauty","8":"product_cat-blizny-i-rozstepy","9":"product_cat-oleje-cbd","11":"first","12":"instock","13":"taxable","14":"shipping-taxable","15":"purchasable","16":"product-type-simple","17":"prodpage-style2"},"_links":{"self":[{"href":"https:\/\/mariog3.pl\/OLDCBD\/wp-json\/wp\/v2\/product\/4186","targetHints":{"allow":["GET"]}}],"collection":[{"href":"https:\/\/mariog3.pl\/OLDCBD\/wp-json\/wp\/v2\/product"}],"about":[{"href":"https:\/\/mariog3.pl\/OLDCBD\/wp-json\/wp\/v2\/types\/product"}],"replies":[{"embeddable":true,"href":"https:\/\/mariog3.pl\/OLDCBD\/wp-json\/wp\/v2\/comments?post=4186"}],"wp:featuredmedia":[{"embeddable":true,"href":"https:\/\/mariog3.pl\/OLDCBD\/wp-json\/wp\/v2\/media\/4187"}],"wp:attachment":[{"href":"https:\/\/mariog3.pl\/OLDCBD\/wp-json\/wp\/v2\/media?parent=4186"}],"wp:term":[{"taxonomy":"product_brand","embeddable":true,"href":"https:\/\/mariog3.pl\/OLDCBD\/wp-json\/wp\/v2\/product_brand?post=4186"},{"taxonomy":"product_cat","embeddable":true,"href":"https:\/\/mariog3.pl\/OLDCBD\/wp-json\/wp\/v2\/product_cat?post=4186"},{"taxonomy":"product_tag","embeddable":true,"href":"https:\/\/mariog3.pl\/OLDCBD\/wp-json\/wp\/v2\/product_tag?post=4186"}],"curies":[{"name":"wp","href":"https:\/\/api.w.org\/{rel}","templated":true}]}}