{"id":4838,"date":"2023-02-11T13:27:12","date_gmt":"2023-02-11T12:27:12","guid":{"rendered":"https:\/\/mariog3.pl\/OLDCBD\/?post_type=product&#038;p=4838"},"modified":"2025-03-10T13:26:58","modified_gmt":"2025-03-10T12:26:58","slug":"essential-oils-blend","status":"publish","type":"product","link":"https:\/\/mariog3.pl\/OLDCBD\/sklep\/essential-oils-blend\/","title":{"rendered":"Essential oils blend Lemongrass"},"content":{"rendered":"<p style=\"font-weight: 400\"><strong>Niezwyk\u0142a kompozycja olejk\u00f3w eterycznych, kt\u00f3ra umili Twoje chwile.<\/strong><\/p>\n<p><\/p>\n<p style=\"font-weight: 400\">Unikalne po\u0142\u0105czenie olejk\u00f3w eterycznych, efektywny zapach, kt\u00f3ry poprawi Tw\u00f3j nastr\u00f3j.<\/p>\n<p><\/p>\n<p style=\"font-weight: 400\"><strong>Spos\u00f3b u\u017cycia:<\/strong><br \/>Do kominka wla\u0107 niewielka ilo\u015b\u0107 oleju kokosowego, nast\u0119pnie zakropli\u0107 kilka kropli olejku. <\/p>\n","protected":false},"excerpt":{"rendered":"<p><strong>Niezwyk\u0142a kompozycja olejk\u00f3w eterycznych, kt\u00f3ra umili Twoje chwile.<\/strong><\/p>\n","protected":false},"featured_media":4860,"comment_status":"open","ping_status":"closed","template":"","meta":{"wds_primary_product_brand":0,"wds_primary_product_cat":520},"product_brand":[],"product_cat":[520],"product_tag":[],"class_list":{"0":"post-4838","1":"product","2":"type-product","3":"status-publish","4":"has-post-thumbnail","6":"product_cat-beauty","8":"first","9":"instock","10":"featured","11":"taxable","12":"shipping-taxable","13":"purchasable","14":"product-type-simple","15":"prodpage-style2"},"_links":{"self":[{"href":"https:\/\/mariog3.pl\/OLDCBD\/wp-json\/wp\/v2\/product\/4838","targetHints":{"allow":["GET"]}}],"collection":[{"href":"https:\/\/mariog3.pl\/OLDCBD\/wp-json\/wp\/v2\/product"}],"about":[{"href":"https:\/\/mariog3.pl\/OLDCBD\/wp-json\/wp\/v2\/types\/product"}],"replies":[{"embeddable":true,"href":"https:\/\/mariog3.pl\/OLDCBD\/wp-json\/wp\/v2\/comments?post=4838"}],"wp:featuredmedia":[{"embeddable":true,"href":"https:\/\/mariog3.pl\/OLDCBD\/wp-json\/wp\/v2\/media\/4860"}],"wp:attachment":[{"href":"https:\/\/mariog3.pl\/OLDCBD\/wp-json\/wp\/v2\/media?parent=4838"}],"wp:term":[{"taxonomy":"product_brand","embeddable":true,"href":"https:\/\/mariog3.pl\/OLDCBD\/wp-json\/wp\/v2\/product_brand?post=4838"},{"taxonomy":"product_cat","embeddable":true,"href":"https:\/\/mariog3.pl\/OLDCBD\/wp-json\/wp\/v2\/product_cat?post=4838"},{"taxonomy":"product_tag","embeddable":true,"href":"https:\/\/mariog3.pl\/OLDCBD\/wp-json\/wp\/v2\/product_tag?post=4838"}],"curies":[{"name":"wp","href":"https:\/\/api.w.org\/{rel}","templated":true}]}}