{"id":5544,"date":"2023-10-04T13:47:05","date_gmt":"2023-10-04T11:47:05","guid":{"rendered":"https:\/\/mariog3.pl\/OLDCBD\/?post_type=product&#038;p=5544"},"modified":"2025-05-08T01:19:27","modified_gmt":"2025-05-08T00:19:27","slug":"pomadka-pielegnacyjna-piekne-usta-cbd-50-dla-jezdzcow","status":"publish","type":"product","link":"https:\/\/mariog3.pl\/OLDCBD\/sklep\/pomadka-pielegnacyjna-piekne-usta-cbd-50-dla-jezdzcow\/","title":{"rendered":"Pomadka Piel\u0119gnacyjna &#8211; Pi\u0119kne usta CBD 50"},"content":{"rendered":"<p><strong>Luksusowa pomadka ze skoncentrowan\u0105 formu\u0142\u0105 sk\u0142adnik\u00f3w ochronnych<\/strong><\/p>\n<p>Preparat w firmie sztyftu do codziennej piel\u0119gnacji i ochrony przed niekorzystnymi warunkami takimi jak wiatr, niskie temperatury, s\u0142o\u0144ce.<\/p>\n<p>Zawiera po\u0142\u0105czenie wyj\u0105tkowo bogatych sk\u0142adnik\u00f3w, kt\u00f3re tworz\u0105 barier\u0119 ochronn\u0105, zmi\u0119kczaj\u0105 i utrzymuj\u0105 odpowiednie nawil\u017cenie delikatnej sk\u00f3ry ust.<\/p>\n<p>Dzi\u0119ki po\u0142\u0105czeniu ekstraktu <strong>CBD full spectrum<\/strong> (50 mg) z wyj\u0105tkowo zmi\u0119kczaj\u0105cymi sk\u0142adnikami naturalnymi, takimi jak: mas\u0142o shea, mas\u0142o kakaowe, lanolina, wosk, olejek pomara\u0144czowy i neroli, Twoje usta poczuj\u0105 si\u0119 po kr\u00f3lewsku. Po aplikacji delikatna sk\u00f3ra warg staje si\u0119 niemal\u017ce natychmiast aksamitnie g\u0142adka i mi\u0119kka w dotyku, usta zachowuj\u0105 j\u0119drno\u015b\u0107 i naturalny kolor. A pi\u0119kny zapach olejku neroli sprawia, \u017ce czujesz si\u0119 wyj\u0105tkowo i luksusowo.<\/p>\n<p><em>Dla os\u00f3b uprawiaj\u0105cych jazd\u0119 konn\u0105 przez ca\u0142y rok pomadka to skuteczne rozwi\u0105zanie dla ochrony delikatnej i wra\u017cliwej sk\u00f3ry ust, co pozwoli unikn\u0105\u0107 przesuszenia czy pop\u0119kania delikatnego nask\u00f3rka. Dzi\u0119ki wyj\u0105tkowo bogatej formule ju\u017c jednorazowa aplikacja pomadki zabezpiecza usta na kilka godzin.<\/em><\/p>\n<p>&nbsp;<\/p>\n<p>Je\u015bli marzysz o naturalnie jedwabistych, mi\u0119kkich i g\u0142adkich ustach, to Pomadka Piel\u0119gnacyjna &#8211; Pi\u0119kne usta CBD 50 jest dla Ciebie!<\/p>\n<p>Usta wymagaj\u0105 nawil\u017cania tak samo jak reszta sk\u00f3ry. Sucha, pop\u0119kana, obola\u0142a sk\u00f3ra na ustach i wok\u00f3\u0142 nich mo\u017ce stanowi\u0107 dyskomfort.<\/p>\n<p>Niezale\u017cnie od tego, czy Twoje usta wysch\u0142y na skutek zaniedbania w gor\u0105cym letnim s\u0142o\u0144cu, czy te\u017c zaszkodzi\u0142y im lodowate wichury, wszyscy pragniemy, aby usta by\u0142y mi\u0119kkie i odpowiednio nawil\u017cone.<\/p>\n<p>Dlatego stworzyli\u015bmy produkt, kt\u00f3ry zawiera w sobie niezwyk\u0142e CBD full spectrum, wosk pszczeli, olej kokosowy , mas\u0142o kakaowe iw inne sk\u0142adniki. Nasza pomadka pachnie dzi\u0119ki olejkom eterycznym z pomara\u0144czy oraz neroli.<\/p>\n<p>&nbsp;<\/p>\n<p>Dlaczego CBD w naszej pomadce? Bo kannabidiol jest znanym \u015brodkiem przeciwzapalnym i przeciwbakteryjnym i jego w\u0142a\u015bciwo\u015bci doskonale sprawdza si\u0119 w piel\u0119gnacji ust.<\/p>\n<p>&nbsp;<\/p>\n<p>Pami\u0119taj, \u017ce sk\u00f3ra jest najwi\u0119kszym organem cia\u0142a, a jednym z wra\u017cliwych jej obszar\u00f3w s\u0105 usta. Dlatego dbanie jest naszym priorytetem.<\/p>\n<p>Pomadka CBD powinna znale\u017a\u0107 si\u0119 w ka\u017cdej torebce i kieszeni!<\/p>\n<p>&nbsp;<\/p>\n<p>Jakie w\u0142a\u015bciwo\u015bci posiadaj\u0105 zawarte w pomadce CBD 50 sk\u0142adniki?<\/p>\n<ul>\n<li>Wosk pszczeli i lanolina tworz\u0105 ochronny film, tworz\u0105c barier\u0119 przed czynnikami atmosferycznymi<\/li>\n<li>Gliceryna ro\u015blinna skutecznie nawil\u017ca, \u0142agodzi spierzchni\u0119cia, uelastycznia i zmi\u0119kcza<\/li>\n<li>Mas\u0142o kakaowe dzi\u0119ki witaminom A i E dzia\u0142a regeneracyjnie<\/li>\n<li>Zapach naturalnych olejk\u00f3w eterycznych dope\u0142nia ca\u0142o\u015b\u0107 kompozycji<\/li>\n<\/ul>\n<p>Uwaga! Stosowanie naturalnych sk\u0142adnik\u00f3w, mase\u0142 i olej\u00f3w nierafinowanych mo\u017ce powodowa\u0107, \u017ce zapach, kolor i konsystencja mog\u0105 si\u0119 nieznacznie r\u00f3\u017cni\u0107, w zale\u017cno\u015bci od partii.<\/p>\n","protected":false},"excerpt":{"rendered":"<p>Zawarto\u015b\u0107 CBD \u2013 50 mg<br \/>\nWaga \u2013 7 g<\/p>\n<p><strong>Luksusowa pomadka ze skoncentrowan\u0105 formu\u0142\u0105 sk\u0142adnik\u00f3w ochronnych<\/strong><\/p>\n<p>Preparat w firmie sztyftu do codziennej piel\u0119gnacji i ochrony przed niekorzystnymi warunkami takimi jak wiatr, niskie temperatury, s\u0142o\u0144ce.<br \/>\nZawiera po\u0142\u0105czenie wyj\u0105tkowo bogatych sk\u0142adnik\u00f3w, kt\u00f3re tworz\u0105 barier\u0119 ochronn\u0105, zmi\u0119kczaj\u0105 i utrzymuj\u0105 odpowiednie nawil\u017cenie delikatnej sk\u00f3ry ust.<\/p>\n<p><em>Wyj\u0105tkow\u0105 skuteczno\u015b\u0107 pomadki do ust CBD 50 gwarantuj\u0105:<\/em><br \/>\n+ Olej CBD full spectrum<br \/>\n+ Ekstrakt z konopi (macerat)<br \/>\n+ Wosk pszczeli i lanolina<br \/>\n+ Mas\u0142o kakaowe<br \/>\n+ Olej kokosowy<br \/>\n+ Gliceryna ro\u015blinna<br \/>\n+ Olejki eteryczne z pomara\u0144czy oraz neroli<\/p>\n","protected":false},"featured_media":7565,"comment_status":"open","ping_status":"closed","template":"","meta":{"wds_primary_product_brand":0,"wds_primary_product_cat":684},"product_brand":[],"product_cat":[712,685],"product_tag":[],"class_list":{"0":"post-5544","1":"product","2":"type-product","3":"status-publish","4":"has-post-thumbnail","6":"product_cat-kosmetyki-dla-jezdzcow","7":"product_cat-pomadki-cbd","9":"first","10":"instock","11":"taxable","12":"shipping-taxable","13":"purchasable","14":"product-type-simple","15":"prodpage-style2"},"_links":{"self":[{"href":"https:\/\/mariog3.pl\/OLDCBD\/wp-json\/wp\/v2\/product\/5544","targetHints":{"allow":["GET"]}}],"collection":[{"href":"https:\/\/mariog3.pl\/OLDCBD\/wp-json\/wp\/v2\/product"}],"about":[{"href":"https:\/\/mariog3.pl\/OLDCBD\/wp-json\/wp\/v2\/types\/product"}],"replies":[{"embeddable":true,"href":"https:\/\/mariog3.pl\/OLDCBD\/wp-json\/wp\/v2\/comments?post=5544"}],"wp:featuredmedia":[{"embeddable":true,"href":"https:\/\/mariog3.pl\/OLDCBD\/wp-json\/wp\/v2\/media\/7565"}],"wp:attachment":[{"href":"https:\/\/mariog3.pl\/OLDCBD\/wp-json\/wp\/v2\/media?parent=5544"}],"wp:term":[{"taxonomy":"product_brand","embeddable":true,"href":"https:\/\/mariog3.pl\/OLDCBD\/wp-json\/wp\/v2\/product_brand?post=5544"},{"taxonomy":"product_cat","embeddable":true,"href":"https:\/\/mariog3.pl\/OLDCBD\/wp-json\/wp\/v2\/product_cat?post=5544"},{"taxonomy":"product_tag","embeddable":true,"href":"https:\/\/mariog3.pl\/OLDCBD\/wp-json\/wp\/v2\/product_tag?post=5544"}],"curies":[{"name":"wp","href":"https:\/\/api.w.org\/{rel}","templated":true}]}}