{"id":6503,"date":"2024-07-02T21:17:26","date_gmt":"2024-07-02T20:17:26","guid":{"rendered":"https:\/\/mariog3.pl\/OLDCBD\/?post_type=product&#038;p=6503"},"modified":"2025-01-02T09:11:36","modified_gmt":"2025-01-02T08:11:36","slug":"olejek-cbd-25-full-spectrum-healing","status":"publish","type":"product","link":"https:\/\/mariog3.pl\/OLDCBD\/sklep\/olejek-cbd-25-full-spectrum-healing\/","title":{"rendered":"Olejek CBD 25%  Full Spectrum \u201cHEALING\u201d"},"content":{"rendered":"<p>Poznaj nasz\u0105 nowo\u015b\u0107 do zada\u0144 specjalnych! Olejek CBD 25% Full Spectrum HEALING o najwy\u017cszym st\u0119\u017ceniu CBD spo\u015br\u00f3d naszych olejk\u00f3w, zawieraj\u0105cy 2500 mg CBD.<\/p>\n<p>Olejek CBD 25% Full Spectrum HEALING to pe\u0142ne spektrum mo\u017cliwo\u015bci zastosowania terapeutycznego. Dedykowany jest dla os\u00f3b dojrza\u0142ych z dysfunkcjami, kontuzjami, stwierdzonymi schorzeniami (np. autoimmunologicznymi). Produkt nie posiada w\u0142a\u015bciwo\u015bci psychoaktywnych i nie uzale\u017cnia.<\/p>\n<p>Pozyskiwany z konopi siewnych, zawieraj\u0105cych ponad 500 zwi\u0105zk\u00f3w aktywnych m.in. kannabinoid\u00f3w, terpen\u00f3w, flawonoid\u00f3w, z kt\u00f3rych najwi\u0119ksze znaczenie maj\u0105 kannabinoidy. Dzia\u0142aj\u0105 one nie tylko na receptory wchodz\u0105ce w sk\u0142ad uk\u0142adu endokannabinoidowego, ale r\u00f3wnie\u017c na receptory dopaminowe, serotoninowe, reguluj\u0105c prac\u0119 wielu narz\u0105d\u00f3w w organizmie. Przek\u0142ada si\u0119 to na liczne prozdrowotne w\u0142a\u015bciwo\u015bci CBD, kt\u00f3ry wykazuje dzia\u0142anie m.in.: przeciwl\u0119kowe, \u0142agodz\u0105ce niepok\u00f3j, przeciwb\u00f3lowe, przeciwzapalne, przeciwutleniaj\u0105ce, neuroprotekcyjne.<\/p>\n<p>&nbsp;<\/p>\n<p><em>Stosuj\u0105c si\u0119 do przepis\u00f3w rozporz\u0105dzenia Parlamentu Europejskiego i Rady (UE) Nr 2015\/2283 z dnia 25 listopada 2015 r. w sprawie nowej \u017cywno\u015bci (\u2026) Dz.Urz.UE L 327 z 11.12.2015, str 1.), do czasu rozstrzygni\u0119cia kwestii na poziomie UE, informujemy, \u017ce ekstrakty z konopi siewnych z CBD s\u0105 przeznaczone wy\u0142\u0105cznie do stosowania zewn\u0119trznego. Ustawodawstwo Unii Europejskiej m\u00f3wi, \u017ce maksymalne dopuszczalne st\u0119\u017cenie psychoaktywnego THC musi wynosi\u0107 mniej ni\u017c 0,3 %. \u00a0<\/em><\/p>\n<p>&nbsp;<\/p>\n<p>Je\u015bli zmagasz si\u0119 z r\u00f3\u017cnego rodzaju dolegliwo\u015bciami i chorobami wybieraj\u0105c olejek CBD 25% Full Spectrum masz szans\u0119 wspom\u00f3c organizm &#8211; wzmocni\u0107 odporno\u015b\u0107, wspom\u00f3c regeneracj\u0119,\u00a0zredukowa\u0107 stany zapalne i infekcje, z\u0142agodzi\u0107 b\u00f3l, pozytywnie zadzia\u0142a\u0107 na zdrowie psychiczne.<\/p>\n<p>Olejek CBD (kannabidiol) jest przedmiotem licznych bada\u0144 naukowych w kontek\u015bcie jego potencjalnych w\u0142a\u015bciwo\u015bci terapeutycznych. Oto lista chor\u00f3b i dolegliwo\u015bci, na kt\u00f3re olejek CBD mo\u017ce by\u0107 pomocny, poparta badaniami naukowymi:<\/p>\n<ol>\n<li><strong>Epilepsja i inne zaburzenia napadowe<\/strong>:\n<ul>\n<li>Badania wykaza\u0142y, \u017ce CBD mo\u017ce by\u0107 skuteczne w leczeniu pewnych rodzaj\u00f3w padaczki, zw\u0142aszcza zespo\u0142u Draveta i zespo\u0142u Lennoxa-Gastauta.<\/li>\n<\/ul>\n<\/li>\n<li><strong>B\u00f3l przewlek\u0142y<\/strong>:\n<ul>\n<li>Badania sugeruj\u0105, \u017ce CBD mo\u017ce zmniejsza\u0107 przewlek\u0142y b\u00f3l poprzez wp\u0142yw na uk\u0142ad endokannabinoidowy i redukcj\u0119 stan\u00f3w zapalnych.<\/li>\n<\/ul>\n<\/li>\n<li><strong>Zaburzenia l\u0119kowe<\/strong>:\n<ul>\n<li>Istniej\u0105 dowody na to, \u017ce CBD mo\u017ce \u0142agodzi\u0107 objawy l\u0119ku i stresu, co wykazano w badaniach klinicznych dotycz\u0105cych zespo\u0142u stresu pourazowego (PTSD), zaburze\u0144 l\u0119kowych uog\u00f3lnionych i fobii spo\u0142ecznych.<\/li>\n<\/ul>\n<\/li>\n<li><strong>Depresja<\/strong>:\n<ul>\n<li>Niekt\u00f3re badania wskazuj\u0105, \u017ce CBD mo\u017ce mie\u0107 dzia\u0142anie przeciwdepresyjne, co zwi\u0105zane jest z jego wp\u0142ywem na uk\u0142ad serotoninergiczny.<\/li>\n<\/ul>\n<\/li>\n<li><strong>Stany zapalne i choroby autoimmunologiczne<\/strong>:\n<ul>\n<li>CBD wykazuje w\u0142a\u015bciwo\u015bci przeciwzapalne, co mo\u017ce by\u0107 pomocne w leczeniu stan\u00f3w zapalnych, takich jak reumatoidalne zapalenie staw\u00f3w czy choroba Crohna.<\/li>\n<\/ul>\n<\/li>\n<li><strong>Schizofrenia i inne zaburzenia psychotyczne<\/strong>:\n<ul>\n<li>Badania sugeruj\u0105, \u017ce CBD mo\u017ce mie\u0107 dzia\u0142anie przeciwpsychotyczne i mo\u017ce by\u0107 pomocne w leczeniu schizofrenii, bez wywo\u0142ywania efekt\u00f3w ubocznych typowych dla tradycyjnych lek\u00f3w przeciwpsychotycznych.<\/li>\n<\/ul>\n<\/li>\n<li><strong>Sk\u00f3ra i choroby dermatologiczne<\/strong>:\n<ul>\n<li>CBD mo\u017ce by\u0107 korzystne w leczeniu chor\u00f3b sk\u00f3ry, takich jak tr\u0105dzik i \u0142uszczyca, ze wzgl\u0119du na swoje w\u0142a\u015bciwo\u015bci przeciwzapalne i reguluj\u0105ce produkcj\u0119 sebum.<\/li>\n<\/ul>\n<\/li>\n<li><strong>Choroby neurodegeneracyjne<\/strong>:\n<ul>\n<li>Istniej\u0105 dowody na to, \u017ce CBD mo\u017ce wspiera\u0107 zdrowie m\u00f3zgu i ochron\u0119 neuron\u00f3w, co mo\u017ce by\u0107 przydatne w leczeniu chor\u00f3b neurodegeneracyjnych, takich jak choroba Alzheimera czy Parkinsona.<\/li>\n<\/ul>\n<\/li>\n<\/ol>\n<p>&nbsp;<\/p>\n","protected":false},"excerpt":{"rendered":"<p>zawarto\u015b\u0107 CBD \u2013 2500 mg<br \/>\nobj\u0119to\u015b\u0107 \u2013 10 ml (oko\u0142o 200 kropli)<br \/>\n1 kropla to ok. 12,5 mg CBD<br \/>\nTHC &lt; 0,3%<\/p>\n<p>Poznaj nasz\u0105 nowo\u015b\u0107 do zada\u0144 specjalnych! Olejek CBD 25% Full Spectrum HEALING o najwy\u017cszym st\u0119\u017ceniu CBD spo\u015br\u00f3d naszych olejk\u00f3w, zawieraj\u0105cy 2500 mg CBD.<\/p>\n<p>Nasz Olejek CBD 25% Full Spectrum HEALING to pe\u0142ne spektrum mo\u017cliwo\u015bci zastosowania terapeutycznego. Dedykowany jest dla os\u00f3b dojrza\u0142ych z dysfunkcjami, kontuzjami, stwierdzonymi schorzeniami (np. autoimmunologicznymi). Produkt nie posiada w\u0142a\u015bciwo\u015bci psychoaktywnych i nie uzale\u017cnia.<\/p>\n","protected":false},"featured_media":6506,"comment_status":"open","ping_status":"closed","template":"","meta":{"wds_primary_product_brand":0,"wds_primary_product_cat":677},"product_brand":[],"product_cat":[677],"product_tag":[],"class_list":{"0":"post-6503","1":"product","2":"type-product","3":"status-publish","4":"has-post-thumbnail","6":"product_cat-olejki-cbd-full-spectrum","8":"first","9":"instock","10":"featured","11":"taxable","12":"shipping-taxable","13":"purchasable","14":"product-type-simple","15":"prodpage-style2"},"_links":{"self":[{"href":"https:\/\/mariog3.pl\/OLDCBD\/wp-json\/wp\/v2\/product\/6503","targetHints":{"allow":["GET"]}}],"collection":[{"href":"https:\/\/mariog3.pl\/OLDCBD\/wp-json\/wp\/v2\/product"}],"about":[{"href":"https:\/\/mariog3.pl\/OLDCBD\/wp-json\/wp\/v2\/types\/product"}],"replies":[{"embeddable":true,"href":"https:\/\/mariog3.pl\/OLDCBD\/wp-json\/wp\/v2\/comments?post=6503"}],"wp:featuredmedia":[{"embeddable":true,"href":"https:\/\/mariog3.pl\/OLDCBD\/wp-json\/wp\/v2\/media\/6506"}],"wp:attachment":[{"href":"https:\/\/mariog3.pl\/OLDCBD\/wp-json\/wp\/v2\/media?parent=6503"}],"wp:term":[{"taxonomy":"product_brand","embeddable":true,"href":"https:\/\/mariog3.pl\/OLDCBD\/wp-json\/wp\/v2\/product_brand?post=6503"},{"taxonomy":"product_cat","embeddable":true,"href":"https:\/\/mariog3.pl\/OLDCBD\/wp-json\/wp\/v2\/product_cat?post=6503"},{"taxonomy":"product_tag","embeddable":true,"href":"https:\/\/mariog3.pl\/OLDCBD\/wp-json\/wp\/v2\/product_tag?post=6503"}],"curies":[{"name":"wp","href":"https:\/\/api.w.org\/{rel}","templated":true}]}}